{"id":16375,"date":"2018-01-26T09:36:04","date_gmt":"2018-01-26T17:36:04","guid":{"rendered":"https:\/\/ocfreetaxprep.com\/?page_id=16375"},"modified":"2026-03-02T16:25:13","modified_gmt":"2026-03-03T00:25:13","slug":"privacy-policy","status":"publish","type":"page","link":"https:\/\/ocfreetaxprep.com\/es\/privacy-policy\/","title":{"rendered":"Pol\u00edtica de Privacidad"},"content":{"rendered":"<div data-elementor-type=\"wp-page\" data-elementor-id=\"16375\" class=\"elementor elementor-16375\" data-elementor-post-type=\"page\">\n\t\t\t\t<div class=\"elementor-element elementor-element-af6e42e e-flex e-con-boxed e-con e-parent\" data-id=\"af6e42e\" data-element_type=\"container\" data-e-type=\"container\" data-settings=\"{&quot;background_background&quot;:&quot;classic&quot;}\">\n\t\t\t\t\t<div class=\"e-con-inner\">\n\t\t<div class=\"elementor-element elementor-element-765e958 e-con-full e-flex e-con e-child\" data-id=\"765e958\" data-element_type=\"container\" data-e-type=\"container\">\n\t\t\t\t<div class=\"elementor-element elementor-element-7154842 elementor-widget elementor-widget-heading\" data-id=\"7154842\" data-element_type=\"widget\" data-e-type=\"widget\" data-widget_type=\"heading.default\">\n\t\t\t\t<div class=\"elementor-widget-container\">\n\t\t\t\t\t<h1 class=\"elementor-heading-title elementor-size-default\">Pol\u00edtica de privacidad<\/h1>\t\t\t\t<\/div>\n\t\t\t\t<\/div>\n\t\t\t\t<\/div>\n\t\t\t\t\t<\/div>\n\t\t\t\t<\/div>\n\t\t<div class=\"elementor-element elementor-element-974977e e-flex e-con-boxed e-con e-parent\" data-id=\"974977e\" data-element_type=\"container\" data-e-type=\"container\">\n\t\t\t\t\t<div class=\"e-con-inner\">\n\t\t<div class=\"elementor-element elementor-element-362ff5a e-con-full e-flex e-con e-child\" data-id=\"362ff5a\" data-element_type=\"container\" data-e-type=\"container\">\n\t\t\t\t<div class=\"elementor-element elementor-element-020f0b4 elementor-widget elementor-widget-text-editor\" data-id=\"020f0b4\" data-element_type=\"widget\" data-e-type=\"widget\" data-widget_type=\"text-editor.default\">\n\t\t\t\t<div class=\"elementor-widget-container\">\n\t\t\t\t\t\t\t\t\t<h3>NUESTRO COMPROMISO CON LA PROTECCI\u00d3N DE LA PRIVACIDAD DE NUESTROS USUARIOS<\/h3>\n<p>OC Free Tax Prep no vender\u00e1, intercambiar\u00e1, alquilar\u00e1 ni compartir\u00e1 los nombres, la informaci\u00f3n personal y financiera de nuestros donantes con ninguna otra entidad (incluidos proveedores, agencias asociadas o cualquier otro tercero), ni enviar\u00e1 correos a nuestros donantes en nombre de otras organizaciones. OC Free Tax Prep se compromete a proteger y salvaguardar toda la informaci\u00f3n recibida tanto en l\u00ednea como fuera de l\u00ednea, en cualquier plataforma (la \u2019plataforma\u201c incluye el sitio web de OC Free Tax Prep), as\u00ed como cualquier comunicaci\u00f3n electr\u00f3nica, escrita u oral.<\/p>\n<p><b>Uso normal del sitio web<\/b><\/p>\n<p>OC Free Tax Prep tiene un fuerte compromiso con la privacidad en Internet. Puede visitar la mayor parte de ocfreetaxprep.com sin revelar ninguna informaci\u00f3n personal ni decirnos qui\u00e9n es usted. La \u00fanica informaci\u00f3n que recopilamos de una visita normal al sitio web es el nombre de su proveedor de servicios de Internet, el navegador y el tipo de equipo que utiliza, el sitio web que le remiti\u00f3 a nosotros, las p\u00e1ginas que solicita y la fecha y hora en que las solicita. Utilizamos esta informaci\u00f3n para generar estad\u00edsticas y medir la actividad del sitio con el fin de mejorar la utilidad del sitio de OC Free Tax Prep para nuestros visitantes.<\/p>\n<p><b>Recopilaci\u00f3n de informaci\u00f3n de identificaci\u00f3n personal<\/b><\/p>\n<p>OC Free Tax Prep puede recopilar direcciones de correo electr\u00f3nico y otros datos de identificaci\u00f3n personal sobre los visitantes cuando dichos datos se env\u00edan voluntariamente a ocfreetaxprep.com. Por ejemplo, nuestro sitio utiliza formularios de recopilaci\u00f3n para que los visitantes soliciten informaci\u00f3n y se suscriban a nuestro bolet\u00edn informativo gratuito. La informaci\u00f3n de contacto de estos formularios de registro se utiliza para enviar informaci\u00f3n y datos sobre OC Free Tax Prep a nuestros visitantes que se han suscrito.<\/p>\n<p>OC Free Tax Prep hace todo lo posible para garantizar la recopilaci\u00f3n y transmisi\u00f3n seguras de la informaci\u00f3n confidencial de los usuarios utilizando metodolog\u00edas de recopilaci\u00f3n y cifrado de datos aceptadas por la industria.<\/p>\n<p><b>Cookies, tecnolog\u00edas similares y c\u00f3mo utilizamos su informaci\u00f3n<\/b><\/p>\n<p>Podemos utilizar la informaci\u00f3n que recopilamos para notificarle sobre cambios importantes en la funcionalidad del sitio web, nuevos servicios y eventos especiales que consideramos que le resultar\u00e1n valiosos. Podemos utilizar cookies temporales para rastrear su comportamiento en nuestro sitio web con el fin de poder ofrecerle contenido optimizado. Puede borrar las cookies de su navegador o restringirlas para desactivar esta funci\u00f3n. Tambi\u00e9n podemos utilizar la funci\u00f3n gratuita de seguimiento de conversiones de Google AdWords para realizar un seguimiento de las conversiones en nuestro sitio. Esta informaci\u00f3n se utiliza para ayudarnos a medir los resultados de nuestras iniciativas de marketing, de modo que podamos tomar las decisiones m\u00e1s informadas que respalden nuestros programas y campa\u00f1as de recaudaci\u00f3n de fondos. Para obtener m\u00e1s informaci\u00f3n o para darse de baja, consulte <a href=\"https:\/\/www.google.com\/policies\/technologies\/ads\/\" target=\"_blank\" rel=\"noopener\">Pol\u00edtica de publicidad y privacidad de Google<\/a>. Podemos utilizar la tecnolog\u00eda de remarketing de Google para mostrarle anuncios si ha visitado nuestro sitio web anteriormente y ofrecerle los mensajes adecuados. Terceros, como Google y Facebook, pueden utilizar cookies, balizas web y tecnolog\u00edas similares para recopilar o recibir informaci\u00f3n de nuestro sitio web y de otros lugares de Internet, y utilizar esa informaci\u00f3n para proporcionar servicios de medici\u00f3n y anuncios dirigidos. Puede optar por no participar en la recopilaci\u00f3n y el uso de informaci\u00f3n para la orientaci\u00f3n de anuncios a trav\u00e9s de la <a href=\"http:\/\/digitaladvertisingalliance.org\/\" target=\"_blank\" rel=\"noopener\">Alianza de Publicidad Digital<\/a> y\/o el <a href=\"http:\/\/optout.networkadvertising.org\/#\/\" target=\"_blank\" rel=\"noopener\">Iniciativa de Publicidad en Red<\/a> p\u00e1gina de exclusi\u00f3n voluntaria.<\/p>\n<p>Con su consentimiento expl\u00edcito, podemos utilizar mensajes de texto para mantenernos en contacto con usted en relaci\u00f3n con nuestros programas, eventos, iniciativas de recaudaci\u00f3n de fondos y otras noticias. Enviamos aproximadamente 4 mensajes al mes. Pueden aplicarse tarifas por mensajes y datos. Todos los mensajes m\u00f3viles salientes incluyen siempre autom\u00e1ticamente \u201cResponda AYUDA para obtener ayuda\u201d o \u201cEnv\u00ede STOP para dejar de recibir mensajes\u201d o \u201cEnv\u00ede STOP para darse de baja\u201d, de modo que pueda obtener ayuda o darse de baja f\u00e1cilmente.<\/p>\n<p><b>Contacto para la protecci\u00f3n de datos<\/b><\/p>\n<p>Para realizar consultas sobre seguridad, ejercer el derecho a corregir informaci\u00f3n personal, solicitar una copia de la informaci\u00f3n personal o solicitar que se elimine la informaci\u00f3n, env\u00ede un correo electr\u00f3nico a: <a href=\"mailto:dataprotection@unitedwayoc.org\">dataprotection@unitedwayoc.org<\/a>.<\/p>\n<p><b>Exclusiones voluntarias<\/b><\/p>\n<p>Para solicitar que se le elimine de las listas de correo postal y\/o electr\u00f3nico, puede escribir a:<\/p>\n<p>Preparaci\u00f3n gratuita de impuestos en OC\/Orange County United Way<br>\nA la atenci\u00f3n de: Exclusi\u00f3n voluntaria<br>\n18012 Mitchell Avenue Sur<br>\nIrvine, CA 92614<\/p>\n<p>O<br>\nCorreo electr\u00f3nico: <a href=\"mailto:VITA@unitedwayoc.org\">VITA@unitedwayoc.org<\/a><\/p>\n<p>Consulte \u201cCookies, tecnolog\u00edas similares y c\u00f3mo utilizamos su informaci\u00f3n\u201d para obtener m\u00e1s opciones de exclusi\u00f3n voluntaria.<\/p>\n<p><strong>Empresas de terceros<\/strong><\/p>\n<p>No proporcionamos su informaci\u00f3n a terceros, salvo que lo exija la ley.<\/p>\n<p><strong>Modificaci\u00f3n(es)<\/strong><\/p>\n<p>OC Free Tax Prep puede modificar esta pol\u00edtica ocasionalmente. Si realizamos cambios sustanciales en la forma en que utilizamos su nombre, direcci\u00f3n u otra informaci\u00f3n que nos haya proporcionado, se lo notificaremos mediante una actualizaci\u00f3n en nuestro sitio web.<\/p>\t\t\t\t\t\t\t\t<\/div>\n\t\t\t\t<\/div>\n\t\t\t\t<\/div>\n\t\t\t\t\t<\/div>\n\t\t\t\t<\/div>\n\t\t\t\t<section class=\"elementor-section elementor-top-section elementor-element elementor-element-4b7d63ed elementor-section-height-min-height elementor-section-items-bottom elementor-section-content-bottom elementor-hidden-desktop elementor-hidden-tablet elementor-hidden-mobile elementor-section-boxed elementor-section-height-default\" data-id=\"4b7d63ed\" data-element_type=\"section\" data-e-type=\"section\" data-settings=\"{&quot;background_background&quot;:&quot;classic&quot;}\">\n\t\t\t\t\t\t\t<div class=\"elementor-background-overlay\"><\/div>\n\t\t\t\t\t\t\t<div class=\"elementor-container elementor-column-gap-default\">\n\t\t\t\t\t<div class=\"elementor-column elementor-col-100 elementor-top-column elementor-element elementor-element-61ce133f\" data-id=\"61ce133f\" data-element_type=\"column\" data-e-type=\"column\">\n\t\t\t<div class=\"elementor-widget-wrap elementor-element-populated\">\n\t\t\t\t\t\t<div class=\"elementor-element elementor-element-41d47e64 elementor-widget elementor-widget-heading\" data-id=\"41d47e64\" data-element_type=\"widget\" data-e-type=\"widget\" data-widget_type=\"heading.default\">\n\t\t\t\t<div class=\"elementor-widget-container\">\n\t\t\t\t\t<h2 class=\"elementor-heading-title elementor-size-default\">Pol\u00edtica de Privacidad<\/h2>\t\t\t\t<\/div>\n\t\t\t\t<\/div>\n\t\t\t\t\t<\/div>\n\t\t<\/div>\n\t\t\t\t\t<\/div>\n\t\t<\/section>\n\t\t\t\t<section class=\"elementor-section elementor-top-section elementor-element elementor-element-730bb496 elementor-hidden-desktop elementor-hidden-tablet elementor-hidden-mobile elementor-section-boxed elementor-section-height-default elementor-section-height-default\" data-id=\"730bb496\" data-element_type=\"section\" data-e-type=\"section\">\n\t\t\t\t\t\t<div class=\"elementor-container elementor-column-gap-default\">\n\t\t\t\t\t<div class=\"elementor-column elementor-col-100 elementor-top-column elementor-element elementor-element-3641589c\" data-id=\"3641589c\" data-element_type=\"column\" data-e-type=\"column\">\n\t\t\t<div class=\"elementor-widget-wrap elementor-element-populated\">\n\t\t\t\t\t\t<div class=\"elementor-element elementor-element-75462682 elementor-widget elementor-widget-text-editor\" data-id=\"75462682\" data-element_type=\"widget\" data-e-type=\"widget\" data-widget_type=\"text-editor.default\">\n\t\t\t\t<div class=\"elementor-widget-container\">\n\t\t\t\t\t\t\t\t\t<h3>NUESTRO COMPROMISO CON LA PROTECCI\u00d3N DE LA PRIVACIDAD DE NUESTROS USUARIOS<\/h3>\n<p>OC Free Tax Prep no vender\u00e1, intercambiar\u00e1, alquilar\u00e1 ni compartir\u00e1 los nombres, la informaci\u00f3n personal y financiera de nuestros donantes con ninguna otra entidad (incluidos proveedores, agencias asociadas o cualquier otro tercero), ni enviar\u00e1 correos a nuestros donantes en nombre de otras organizaciones. OC Free Tax Prep se compromete a proteger y salvaguardar toda la informaci\u00f3n recibida tanto en l\u00ednea como fuera de l\u00ednea, en cualquier plataforma (la \u2019plataforma\u201c incluye el sitio web de OC Free Tax Prep), as\u00ed como cualquier comunicaci\u00f3n electr\u00f3nica, escrita u oral.<\/p>\n<p><b>Uso normal del sitio web<\/b><\/p>\n<p>OC Free Tax Prep tiene un fuerte compromiso con la privacidad en Internet. Puede visitar la mayor parte de ocfreetaxprep.com sin revelar ninguna informaci\u00f3n personal ni decirnos qui\u00e9n es usted. La \u00fanica informaci\u00f3n que recopilamos de una visita normal al sitio web es el nombre de su proveedor de servicios de Internet, el navegador y el tipo de equipo que utiliza, el sitio web que le remiti\u00f3 a nosotros, las p\u00e1ginas que solicita y la fecha y hora en que las solicita. Utilizamos esta informaci\u00f3n para generar estad\u00edsticas y medir la actividad del sitio con el fin de mejorar la utilidad del sitio de OC Free Tax Prep para nuestros visitantes.<\/p>\n<p><b>Recopilaci\u00f3n de informaci\u00f3n de identificaci\u00f3n personal<\/b><\/p>\n<p>OC Free Tax Prep puede recopilar direcciones de correo electr\u00f3nico y otros datos de identificaci\u00f3n personal sobre los visitantes cuando dichos datos se env\u00edan voluntariamente a ocfreetaxprep.com. Por ejemplo, nuestro sitio utiliza formularios de recopilaci\u00f3n para que los visitantes soliciten informaci\u00f3n y se suscriban a nuestro bolet\u00edn informativo gratuito. La informaci\u00f3n de contacto de estos formularios de registro se utiliza para enviar informaci\u00f3n y datos sobre OC Free Tax Prep a nuestros visitantes que se han suscrito.<\/p>\n<p>OC Free Tax Prep hace todo lo posible para garantizar la recopilaci\u00f3n y transmisi\u00f3n seguras de la informaci\u00f3n confidencial de los usuarios utilizando metodolog\u00edas de recopilaci\u00f3n y cifrado de datos aceptadas por la industria.<\/p>\n<p><b>Cookies, tecnolog\u00edas similares y c\u00f3mo utilizamos su informaci\u00f3n<\/b><\/p>\n<p>Podemos utilizar la informaci\u00f3n que recopilamos para notificarle sobre cambios importantes en la funcionalidad del sitio web, nuevos servicios y eventos especiales que consideramos que le resultar\u00e1n valiosos. Podemos utilizar cookies temporales para rastrear su comportamiento en nuestro sitio web con el fin de poder ofrecerle contenido optimizado. Puede borrar las cookies de su navegador o restringirlas para desactivar esta funci\u00f3n. Tambi\u00e9n podemos utilizar la funci\u00f3n gratuita de seguimiento de conversiones de Google AdWords para realizar un seguimiento de las conversiones en nuestro sitio. Esta informaci\u00f3n se utiliza para ayudarnos a medir los resultados de nuestras iniciativas de marketing, de modo que podamos tomar las decisiones m\u00e1s informadas que respalden nuestros programas y campa\u00f1as de recaudaci\u00f3n de fondos. Para obtener m\u00e1s informaci\u00f3n o para darse de baja, consulte <a href=\"https:\/\/www.google.com\/policies\/technologies\/ads\/\" target=\"_blank\" rel=\"noopener\">Pol\u00edtica de publicidad y privacidad de Google<\/a>. Podemos utilizar la tecnolog\u00eda de remarketing de Google para mostrarle anuncios si ha visitado nuestro sitio web anteriormente y ofrecerle los mensajes adecuados. Terceros, como Google y Facebook, pueden utilizar cookies, balizas web y tecnolog\u00edas similares para recopilar o recibir informaci\u00f3n de nuestro sitio web y de otros lugares de Internet, y utilizar esa informaci\u00f3n para proporcionar servicios de medici\u00f3n y anuncios dirigidos. Puede optar por no participar en la recopilaci\u00f3n y el uso de informaci\u00f3n para la orientaci\u00f3n de anuncios a trav\u00e9s de la <a href=\"http:\/\/digitaladvertisingalliance.org\/\" target=\"_blank\" rel=\"noopener\">Alianza de Publicidad Digital<\/a> y\/o el <a href=\"http:\/\/optout.networkadvertising.org\/#\/\" target=\"_blank\" rel=\"noopener\">Iniciativa de Publicidad en Red<\/a> p\u00e1gina de exclusi\u00f3n voluntaria.<\/p>\n<p>Con su consentimiento expl\u00edcito, podemos utilizar mensajes de texto para mantenernos en contacto con usted en relaci\u00f3n con nuestros programas, eventos, iniciativas de recaudaci\u00f3n de fondos y otras noticias. Enviamos aproximadamente 4 mensajes al mes. Pueden aplicarse tarifas por mensajes y datos. Todos los mensajes m\u00f3viles salientes incluyen siempre autom\u00e1ticamente \u201cResponda AYUDA para obtener ayuda\u201d o \u201cEnv\u00ede STOP para dejar de recibir mensajes\u201d o \u201cEnv\u00ede STOP para darse de baja\u201d, de modo que pueda obtener ayuda o darse de baja f\u00e1cilmente.<\/p>\n<p><b>Contacto para la protecci\u00f3n de datos<\/b><\/p>\n<p>Para realizar consultas sobre seguridad, ejercer el derecho a corregir informaci\u00f3n personal, solicitar una copia de la informaci\u00f3n personal o solicitar que se elimine la informaci\u00f3n, env\u00ede un correo electr\u00f3nico a: <a href=\"mailto:dataprotection@unitedwayoc.org\">dataprotection@unitedwayoc.org<\/a>.<\/p>\n<p><b>Exclusiones voluntarias<\/b><\/p>\n<p>Para solicitar que se le elimine de las listas de correo postal y\/o electr\u00f3nico, puede escribir a:<\/p>\n<p>Preparaci\u00f3n gratuita de impuestos en OC\/Orange County United Way<br>\nA la atenci\u00f3n de: Exclusi\u00f3n voluntaria<br>\n18012 Mitchell Avenue Sur<br>\nIrvine, CA 92614<\/p>\n<p>O<br>\nCorreo electr\u00f3nico: <a href=\"mailto:VITA@unitedwayoc.org\">VITA@unitedwayoc.org<\/a><\/p>\n<p>Consulte \u201cCookies, tecnolog\u00edas similares y c\u00f3mo utilizamos su informaci\u00f3n\u201d para obtener m\u00e1s opciones de exclusi\u00f3n voluntaria.<\/p>\n<p><strong>Empresas de terceros<\/strong><\/p>\n<p>No proporcionamos su informaci\u00f3n a terceros, salvo que lo exija la ley.<\/p>\n<p><strong>Modificaci\u00f3n(es)<\/strong><\/p>\n<p>OC Free Tax Prep puede modificar esta pol\u00edtica ocasionalmente. Si realizamos cambios sustanciales en la forma en que utilizamos su nombre, direcci\u00f3n u otra informaci\u00f3n que nos haya proporcionado, se lo notificaremos mediante una actualizaci\u00f3n en nuestro sitio web.<\/p>\t\t\t\t\t\t\t\t<\/div>\n\t\t\t\t<\/div>\n\t\t\t\t\t<\/div>\n\t\t<\/div>\n\t\t\t\t\t<\/div>\n\t\t<\/section>\n\t\t\t\t<\/div>","protected":false},"excerpt":{"rendered":"<p>Privacy policy OUR COMMITMENT TO SAFEGUARD OUR USER\u2019S PRIVACY OC Free Tax Prep will not sell, trade, rent or share our donors\u2019 names, personal and financial information with any other entity (including vendors, partner agencies or any other third parties), nor send mailings to our donors on behalf of other organizations. OC Free Tax Prep [&hellip;]<\/p>\n","protected":false},"author":30,"featured_media":0,"parent":0,"menu_order":0,"comment_status":"closed","ping_status":"closed","template":"","meta":{"inline_featured_image":false,"footnotes":"","_links_to":"","_links_to_target":""},"class_list":["post-16375","page","type-page","status-publish","hentry"],"_links":{"self":[{"href":"https:\/\/ocfreetaxprep.com\/es\/wp-json\/wp\/v2\/pages\/16375","targetHints":{"allow":["GET"]}}],"collection":[{"href":"https:\/\/ocfreetaxprep.com\/es\/wp-json\/wp\/v2\/pages"}],"about":[{"href":"https:\/\/ocfreetaxprep.com\/es\/wp-json\/wp\/v2\/types\/page"}],"author":[{"embeddable":true,"href":"https:\/\/ocfreetaxprep.com\/es\/wp-json\/wp\/v2\/users\/30"}],"replies":[{"embeddable":true,"href":"https:\/\/ocfreetaxprep.com\/es\/wp-json\/wp\/v2\/comments?post=16375"}],"version-history":[{"count":0,"href":"https:\/\/ocfreetaxprep.com\/es\/wp-json\/wp\/v2\/pages\/16375\/revisions"}],"wp:attachment":[{"href":"https:\/\/ocfreetaxprep.com\/es\/wp-json\/wp\/v2\/media?parent=16375"}],"curies":[{"name":"wp","href":"https:\/\/api.w.org\/{rel}","templated":true}]}}