{"id":17437,"date":"2020-12-15T11:52:06","date_gmt":"2020-12-15T19:52:06","guid":{"rendered":"https:\/\/ocfreetaxprep.com\/?page_id=17437"},"modified":"2026-04-14T11:02:13","modified_gmt":"2026-04-14T18:02:13","slug":"sedes","status":"publish","type":"page","link":"https:\/\/ocfreetaxprep.com\/es\/locations\/","title":{"rendered":"Tener mi Declaraci\u00f3n de Impuestos Preparada en Persona"},"content":{"rendered":"<div data-elementor-type=\"wp-page\" data-elementor-id=\"17437\" class=\"elementor elementor-17437\" data-elementor-post-type=\"page\">\n\t\t\t\t<div class=\"elementor-element elementor-element-3e11ea9 e-con-full e-flex e-con e-parent\" data-id=\"3e11ea9\" data-element_type=\"container\" data-e-type=\"container\">\n\t\t\t\t<div class=\"elementor-element elementor-element-c86ce7f elementor-widget elementor-widget-html\" data-id=\"c86ce7f\" data-element_type=\"widget\" data-e-type=\"widget\" data-widget_type=\"html.default\">\n\t\t\t\t<div class=\"elementor-widget-container\">\n\t\t\t\t\t\n          <meta name=\"googlemap-key\" content=\"AIzaSyBTJcymqgB2vKBTytDDzsa8DT2xKP3P25M\">\n          <meta name=\"ajax_url\" content=\"https:\/\/ocfreetaxprep.com\/wp-admin\/admin-ajax.php\">\n          <meta name=\"img_url\" content=\"https:\/\/ocfreetaxprep.com\/wp-content\/plugins\/octp-locations\/assets\/img\/\">\n          <div id=\"appmap\" class=\"appmap\"><\/div>\n          <link rel=\"stylesheet\" href=\"\/wp-content\/plugins\/octp-locations\/dist\/site\/app.css?v=1.1\" \/>\n          <script type=\"text\/javascript\" async=\"\" src=\"\/wp-content\/plugins\/octp-locations\/dist\/site\/app.js?v=1.4\"><\/script>\n        \t\t\t\t<\/div>\n\t\t\t\t<\/div>\n\t\t\t\t<\/div>\n\t\t<div class=\"elementor-element elementor-element-07a2c6a elementor-hidden-desktop elementor-hidden-tablet elementor-hidden-mobile e-flex e-con-boxed e-con e-parent\" data-id=\"07a2c6a\" data-element_type=\"container\" data-e-type=\"container\" data-settings=\"{&quot;background_background&quot;:&quot;classic&quot;}\">\n\t\t\t\t\t<div class=\"e-con-inner\">\n\t\t<div class=\"elementor-element elementor-element-03572a7 e-con-full e-flex e-con e-child\" data-id=\"03572a7\" data-element_type=\"container\" data-e-type=\"container\">\n\t\t\t\t<div class=\"elementor-element elementor-element-0ca92a1 elementor-widget elementor-widget-heading\" data-id=\"0ca92a1\" data-element_type=\"widget\" data-e-type=\"widget\" data-widget_type=\"heading.default\">\n\t\t\t\t<div class=\"elementor-widget-container\">\n\t\t\t\t\t<h2 class=\"elementor-heading-title elementor-size-default\">Sedes OC Free Tax Prep<\/h2>\t\t\t\t<\/div>\n\t\t\t\t<\/div>\n\t\t\t\t<\/div>\n\t\t\t\t\t<\/div>\n\t\t\t\t<\/div>\n\t\t<div class=\"elementor-element elementor-element-7a94cce elementor-hidden-desktop elementor-hidden-tablet elementor-hidden-mobile e-flex e-con-boxed e-con e-parent\" data-id=\"7a94cce\" data-element_type=\"container\" data-e-type=\"container\">\n\t\t\t\t\t<div class=\"e-con-inner\">\n\t\t<div class=\"elementor-element elementor-element-e70c352 e-con-full e-flex e-con e-child\" data-id=\"e70c352\" data-element_type=\"container\" data-e-type=\"container\">\n\t\t\t\t<div class=\"elementor-element elementor-element-26e59d7 elementor-widget elementor-widget-heading\" data-id=\"26e59d7\" data-element_type=\"widget\" data-e-type=\"widget\" data-widget_type=\"heading.default\">\n\t\t\t\t<div class=\"elementor-widget-container\">\n\t\t\t\t\t<h3 class=\"elementor-heading-title elementor-size-default\">Haga una cita con uno de nuestros expertos en impuestos para ayudarlo a preparar sus impuestos GRATIS<\/h3>\t\t\t\t<\/div>\n\t\t\t\t<\/div>\n\t\t\t\t<div class=\"elementor-element elementor-element-9259fb0 elementor-widget elementor-widget-text-editor\" data-id=\"9259fb0\" data-element_type=\"widget\" data-e-type=\"widget\" data-widget_type=\"text-editor.default\">\n\t\t\t\t<div class=\"elementor-widget-container\">\n\t\t\t\t\t\t\t\t\t<p><span style=\"color: var( --e-global-color-text );\">\u00a0<\/span><span style=\"color: var( --e-global-color-text );\">Contamos con m\u00e1s de 25 centros de preparaci\u00f3n gratuita de impuestos en Orange County.\u00a0<\/span>Nuestros preparadores de impuestos voluntarios certificados por el IRS pueden ayudarle a presentar sus impuestos GRATIS a trav\u00e9s de nuestro programa de Asistencia Voluntaria para la Declaraci\u00f3n de Impuestos (VITA). Ingrese una ciudad o c\u00f3digo postal en la barra de b\u00fasqueda a continuaci\u00f3n para encontrar una ubicaci\u00f3n de OC Free Tax Prep cerca de usted.\u00a0\u00a0<\/p>\t\t\t\t\t\t\t\t<\/div>\n\t\t\t\t<\/div>\n\t\t\t\t<div class=\"elementor-element elementor-element-e2c6057 elementor-widget elementor-widget-text-editor\" data-id=\"e2c6057\" data-element_type=\"widget\" data-e-type=\"widget\" data-widget_type=\"text-editor.default\">\n\t\t\t\t<div class=\"elementor-widget-container\">\n\t\t\t\t\t\t\t\t\t<p>Es necesario hacer una cita para los servicios en nuestras ubicaciones de Volunteer Income Tax Assistance (VITA).\u00a0<\/p><p>\u00a1Nuestras ubicaciones est\u00e1n abiertas! Llama al <a href=\"tel:18884348248\">888-434-8248<\/a> para haga tu cita ahora.<\/p>\t\t\t\t\t\t\t\t<\/div>\n\t\t\t\t<\/div>\n\t\t<div class=\"elementor-element elementor-element-16d812e e-flex e-con-boxed e-con e-child\" data-id=\"16d812e\" data-element_type=\"container\" data-e-type=\"container\">\n\t\t\t\t\t<div class=\"e-con-inner\">\n\t\t\t\t<div class=\"elementor-element elementor-element-31143d9 elementor-widget__width-initial elementor-widget-mobile__width-inherit elementor-widget elementor-widget-image\" data-id=\"31143d9\" data-element_type=\"widget\" data-e-type=\"widget\" data-widget_type=\"image.default\">\n\t\t\t\t<div class=\"elementor-widget-container\">\n\t\t\t\t\t\t\t\t\t\t\t\t\t\t\t\t<a href=\"https:\/\/www.unitedwayoc.org\/\" target=\"_blank\" rel=\"noopener\">\n\t\t\t\t\t\t\t<img decoding=\"async\" width=\"225\" height=\"132\" src=\"https:\/\/ocfreetaxprep.com\/wp-content\/uploads\/2020\/05\/OCUW-Logos_White-e1594161887255.png\" class=\"attachment-full size-full wp-image-17033\" alt=\"-\" title=\"-\">\t\t\t\t\t\t\t\t<\/a>\n\t\t\t\t\t\t\t\t\t\t\t\t\t\t\t<\/div>\n\t\t\t\t<\/div>\n\t\t\t\t<div class=\"elementor-element elementor-element-73b4e78 elementor-widget__width-initial elementor-widget-mobile__width-inherit elementor-widget elementor-widget-text-editor\" data-id=\"73b4e78\" data-element_type=\"widget\" data-e-type=\"widget\" data-widget_type=\"text-editor.default\">\n\t\t\t\t<div class=\"elementor-widget-container translation-block\">OC Free Tax Prep es parte de la iniciativa <a href=\"https:\/\/www.unitedwayoc.org\/how-we-are-doing-more\/united-for-financial-security\/\" target=\"_blank\" rel=\"noopener\">United for Financial Security<\/a>\u00a0de <a href=\"https:\/\/www.unitedwayoc.org\/\" target=\"_blank\" rel=\"noopener\">Orange County United Way<\/a>.<\/div>\n\t\t\t\t<\/div>\n\t\t\t\t\t<\/div>\n\t\t\t\t<\/div>\n\t\t\t\t<\/div>\n\t\t\t\t\t<\/div>\n\t\t\t\t<\/div>\n\t\t<div class=\"elementor-element elementor-element-9797e1d elementor-hidden-desktop elementor-hidden-tablet elementor-hidden-mobile e-flex e-con-boxed e-con e-parent\" data-id=\"9797e1d\" data-element_type=\"container\" data-e-type=\"container\" data-settings=\"{&quot;background_background&quot;:&quot;classic&quot;}\">\n\t\t\t\t\t<div class=\"e-con-inner\">\n\t\t<div class=\"elementor-element elementor-element-cf44be7 e-con-full e-flex e-con e-child\" data-id=\"cf44be7\" data-element_type=\"container\" data-e-type=\"container\">\n\t\t\t\t<div class=\"elementor-element elementor-element-a6609ff elementor-widget elementor-widget-text-editor\" data-id=\"a6609ff\" data-element_type=\"widget\" data-e-type=\"widget\" data-widget_type=\"text-editor.default\">\n\t\t\t\t<div class=\"elementor-widget-container\">\n\t\t\t\t\t\t\t\t\t<p>Nuestros voluntarios preparadores de impuestos certificados por el IRS pueden trabajar directamente con usted para presentar sus declaraciones de impuestos federales y del estado de California. Los servicios se ofrecen en varios idiomas, incluidos, entre otros, ingl\u00e9s, espa\u00f1ol, coreano y vietnamita, por voluntarios capacitados y amigables en numerosos lugares.&nbsp;<\/p>\t\t\t\t\t\t\t\t<\/div>\n\t\t\t\t<\/div>\n\t\t\t\t<div class=\"elementor-element elementor-element-0c0ca2c elementor-align-center elementor-widget elementor-widget-button\" data-id=\"0c0ca2c\" data-element_type=\"widget\" data-e-type=\"widget\" data-widget_type=\"button.default\">\n\t\t\t\t<div class=\"elementor-widget-container\">\n\t\t\t\t\t\t\t\t\t<div class=\"elementor-button-wrapper\">\n\t\t\t\t\t<a class=\"elementor-button elementor-button-link elementor-size-sm\" href=\"https:\/\/ocfreetaxprep.com\/es\/listado\/\">\n\t\t\t\t\t\t<span class=\"elementor-button-content-wrapper\">\n\t\t\t\t\t\t\t\t\t<span class=\"elementor-button-text\">DESCARGUE NUESTRA LISTA DE VERIFICACI\u00d3N DE PREPARACI\u00d3N DE IMPUESTOS<\/span>\n\t\t\t\t\t<\/span>\n\t\t\t\t\t<\/a>\n\t\t\t\t<\/div>\n\t\t\t\t\t\t\t\t<\/div>\n\t\t\t\t<\/div>\n\t\t\t\t<\/div>\n\t\t\t\t\t<\/div>\n\t\t\t\t<\/div>\n\t\t\t\t<\/div>","protected":false},"excerpt":{"rendered":"<p>OC Free tax prep locations Schedule an Appointment to Get FREE Expert Help at a Volunteer Income Tax Assistance Program (VITA) Location Nuestros voluntarios preparadores de impuestos certificados por el IRS pueden ayudarlo a presentar sus declaraciones de impuestos federales y estatales de California. \u00a0We have over 25 OC Free Tax Prep locations.\u00a0Our IRS-Certified volunteer [&hellip;]<\/p>\n","protected":false},"author":30,"featured_media":0,"parent":0,"menu_order":0,"comment_status":"closed","ping_status":"closed","template":"","meta":{"inline_featured_image":false,"footnotes":"","_links_to":"","_links_to_target":""},"class_list":["post-17437","page","type-page","status-publish","hentry"],"_links":{"self":[{"href":"https:\/\/ocfreetaxprep.com\/es\/wp-json\/wp\/v2\/pages\/17437","targetHints":{"allow":["GET"]}}],"collection":[{"href":"https:\/\/ocfreetaxprep.com\/es\/wp-json\/wp\/v2\/pages"}],"about":[{"href":"https:\/\/ocfreetaxprep.com\/es\/wp-json\/wp\/v2\/types\/page"}],"author":[{"embeddable":true,"href":"https:\/\/ocfreetaxprep.com\/es\/wp-json\/wp\/v2\/users\/30"}],"replies":[{"embeddable":true,"href":"https:\/\/ocfreetaxprep.com\/es\/wp-json\/wp\/v2\/comments?post=17437"}],"version-history":[{"count":0,"href":"https:\/\/ocfreetaxprep.com\/es\/wp-json\/wp\/v2\/pages\/17437\/revisions"}],"wp:attachment":[{"href":"https:\/\/ocfreetaxprep.com\/es\/wp-json\/wp\/v2\/media?parent=17437"}],"curies":[{"name":"wp","href":"https:\/\/api.w.org\/{rel}","templated":true}]}}