{"id":19773,"date":"2021-04-06T09:47:17","date_gmt":"2021-04-06T16:47:17","guid":{"rendered":"https:\/\/ocfreetaxprep.com\/?page_id=19773"},"modified":"2021-04-06T09:56:58","modified_gmt":"2021-04-06T16:56:58","slug":"already-filed","status":"publish","type":"page","link":"https:\/\/ocfreetaxprep.com\/es\/already-filed\/","title":{"rendered":"Ya archivado"},"content":{"rendered":"<div data-elementor-type=\"wp-page\" data-elementor-id=\"19773\" class=\"elementor elementor-19773\" data-elementor-post-type=\"page\">\n\t\t\t\t\t\t<section class=\"elementor-section elementor-top-section elementor-element elementor-element-439056c elementor-section-full_width elementor-section-height-default elementor-section-height-default\" data-id=\"439056c\" data-element_type=\"section\" data-e-type=\"section\" data-settings=\"{&quot;background_background&quot;:&quot;classic&quot;}\">\n\t\t\t\t\t\t<div class=\"elementor-container elementor-column-gap-default\">\n\t\t\t\t\t<div class=\"elementor-column elementor-col-100 elementor-top-column elementor-element elementor-element-ab6a2f7\" data-id=\"ab6a2f7\" data-element_type=\"column\" data-e-type=\"column\">\n\t\t\t<div class=\"elementor-widget-wrap elementor-element-populated\">\n\t\t\t\t\t\t<div class=\"elementor-element elementor-element-55ef294 elementor-widget elementor-widget-heading\" data-id=\"55ef294\" data-element_type=\"widget\" data-e-type=\"widget\" data-widget_type=\"heading.default\">\n\t\t\t\t<div class=\"elementor-widget-container\">\n\t\t\t\t\t<h2 class=\"elementor-heading-title elementor-size-default\">\u00a1Gracias por informarnos de que ya lo ha presentado!\n<\/h2>\t\t\t\t<\/div>\n\t\t\t\t<\/div>\n\t\t\t\t<div class=\"elementor-element elementor-element-59f76c4 elementor-widget elementor-widget-text-editor\" data-id=\"59f76c4\" data-element_type=\"widget\" data-e-type=\"widget\" data-widget_type=\"text-editor.default\">\n\t\t\t\t<div class=\"elementor-widget-container\">\n\t\t\t\t\t\t\t\t\t<p>No le enviaremos correos electr\u00f3nicos sobre nuestros servicios de presentaci\u00f3n de impuestos para la temporada fiscal actual, pero le mantendremos informado sobre las novedades importantes para el pr\u00f3ximo a\u00f1o.<\/p>\t\t\t\t\t\t\t\t<\/div>\n\t\t\t\t<\/div>\n\t\t\t\t\t<\/div>\n\t\t<\/div>\n\t\t\t\t\t<\/div>\n\t\t<\/section>\n\t\t\t\t<\/div>","protected":false},"excerpt":{"rendered":"<p>\u00a1Gracias por informarnos de que ya has presentado tu declaraci\u00f3n! No te enviaremos correos electr\u00f3nicos sobre nuestros servicios de declaraci\u00f3n de impuestos para la temporada fiscal actual, pero te mantendremos al tanto de las novedades importantes para el pr\u00f3ximo a\u00f1o.<\/p>","protected":false},"author":30,"featured_media":0,"parent":0,"menu_order":0,"comment_status":"closed","ping_status":"closed","template":"elementor_theme","meta":{"inline_featured_image":false,"footnotes":"","_links_to":"","_links_to_target":""},"class_list":["post-19773","page","type-page","status-publish","hentry"],"_links":{"self":[{"href":"https:\/\/ocfreetaxprep.com\/es\/wp-json\/wp\/v2\/pages\/19773","targetHints":{"allow":["GET"]}}],"collection":[{"href":"https:\/\/ocfreetaxprep.com\/es\/wp-json\/wp\/v2\/pages"}],"about":[{"href":"https:\/\/ocfreetaxprep.com\/es\/wp-json\/wp\/v2\/types\/page"}],"author":[{"embeddable":true,"href":"https:\/\/ocfreetaxprep.com\/es\/wp-json\/wp\/v2\/users\/30"}],"replies":[{"embeddable":true,"href":"https:\/\/ocfreetaxprep.com\/es\/wp-json\/wp\/v2\/comments?post=19773"}],"version-history":[{"count":0,"href":"https:\/\/ocfreetaxprep.com\/es\/wp-json\/wp\/v2\/pages\/19773\/revisions"}],"wp:attachment":[{"href":"https:\/\/ocfreetaxprep.com\/es\/wp-json\/wp\/v2\/media?parent=19773"}],"curies":[{"name":"wp","href":"https:\/\/api.w.org\/{rel}","templated":true}]}}