{"id":16375,"date":"2018-01-26T09:36:04","date_gmt":"2018-01-26T17:36:04","guid":{"rendered":"https:\/\/ocfreetaxprep.com\/?page_id=16375"},"modified":"2026-03-02T16:25:13","modified_gmt":"2026-03-03T00:25:13","slug":"privacy-policy","status":"publish","type":"page","link":"https:\/\/ocfreetaxprep.com\/vi\/privacy-policy\/","title":{"rendered":"Ch\u00ednh s\u00e1ch b\u1ea3o m\u1eadt"},"content":{"rendered":"<div data-elementor-type=\"wp-page\" data-elementor-id=\"16375\" class=\"elementor elementor-16375\" data-elementor-post-type=\"page\">\n\t\t\t\t<div class=\"elementor-element elementor-element-af6e42e e-flex e-con-boxed e-con e-parent\" data-id=\"af6e42e\" data-element_type=\"container\" data-e-type=\"container\" data-settings=\"{&quot;background_background&quot;:&quot;classic&quot;}\">\n\t\t\t\t\t<div class=\"e-con-inner\">\n\t\t<div class=\"elementor-element elementor-element-765e958 e-con-full e-flex e-con e-child\" data-id=\"765e958\" data-element_type=\"container\" data-e-type=\"container\">\n\t\t\t\t<div class=\"elementor-element elementor-element-7154842 elementor-widget elementor-widget-heading\" data-id=\"7154842\" data-element_type=\"widget\" data-e-type=\"widget\" data-widget_type=\"heading.default\">\n\t\t\t\t<div class=\"elementor-widget-container\">\n\t\t\t\t\t<h1 class=\"elementor-heading-title elementor-size-default\">Ch\u00ednh s\u00e1ch b\u1ea3o m\u1eadt<\/h1>\t\t\t\t<\/div>\n\t\t\t\t<\/div>\n\t\t\t\t<\/div>\n\t\t\t\t\t<\/div>\n\t\t\t\t<\/div>\n\t\t<div class=\"elementor-element elementor-element-974977e e-flex e-con-boxed e-con e-parent\" data-id=\"974977e\" data-element_type=\"container\" data-e-type=\"container\">\n\t\t\t\t\t<div class=\"e-con-inner\">\n\t\t<div class=\"elementor-element elementor-element-362ff5a e-con-full e-flex e-con e-child\" data-id=\"362ff5a\" data-element_type=\"container\" data-e-type=\"container\">\n\t\t\t\t<div class=\"elementor-element elementor-element-020f0b4 elementor-widget elementor-widget-text-editor\" data-id=\"020f0b4\" data-element_type=\"widget\" data-e-type=\"widget\" data-widget_type=\"text-editor.default\">\n\t\t\t\t<div class=\"elementor-widget-container\">\n\t\t\t\t\t\t\t\t\t<h3>CAM K\u1ebeT B\u1ea2O V\u1ec6 QUY\u1ec0N RI\u00caNG T\u01af C\u1ee6A NG\u01af\u1edcI D\u00d9NG<\/h3>\n<p>OC Free Tax Prep s\u1ebd kh\u00f4ng b\u00e1n, trao \u0111\u1ed5i, cho thu\u00ea ho\u1eb7c chia s\u1ebb t\u00ean, th\u00f4ng tin c\u00e1 nh\u00e2n v\u00e0 t\u00e0i ch\u00ednh c\u1ee7a c\u00e1c nh\u00e0 t\u00e0i tr\u1ee3 v\u1edbi b\u1ea5t k\u1ef3 t\u1ed5 ch\u1ee9c n\u00e0o kh\u00e1c (bao g\u1ed3m c\u00e1c nh\u00e0 cung c\u1ea5p, c\u01a1 quan \u0111\u1ed1i t\u00e1c ho\u1eb7c b\u1ea5t k\u1ef3 b\u00ean th\u1ee9 ba n\u00e0o kh\u00e1c), c\u0169ng nh\u01b0 kh\u00f4ng g\u1eedi th\u01b0 cho c\u00e1c nh\u00e0 t\u00e0i tr\u1ee3 nh\u00e2n danh c\u00e1c t\u1ed5 ch\u1ee9c kh\u00e1c. OC Free Tax Prep cam k\u1ebft b\u1ea3o v\u1ec7 v\u00e0 g\u00ecn gi\u1eef t\u1ea5t c\u1ea3 th\u00f4ng tin nh\u1eadn \u0111\u01b0\u1ee3c c\u1ea3 tr\u1ef1c tuy\u1ebfn v\u00e0 ngo\u1ea1i tuy\u1ebfn, tr\u00ean b\u1ea5t k\u1ef3 N\u1ec1n t\u1ea3ng n\u00e0o (\u2019N\u1ec1n t\u1ea3ng\u201c, bao g\u1ed3m trang web c\u1ee7a OC Free Tax Prep), c\u0169ng nh\u01b0 b\u1ea5t k\u1ef3 giao ti\u1ebfp \u0111i\u1ec7n t\u1eed, b\u1eb1ng v\u0103n b\u1ea3n ho\u1eb7c b\u1eb1ng l\u1eddi n\u00f3i n\u00e0o.<\/p>\n<p><b>S\u1eed d\u1ee5ng trang web th\u00f4ng th\u01b0\u1eddng<\/b><\/p>\n<p>OC Free Tax Prep cam k\u1ebft m\u1ea1nh m\u1ebd v\u1ec1 quy\u1ec1n ri\u00eang t\u01b0 tr\u00ean Internet. B\u1ea1n c\u00f3 th\u1ec3 truy c\u1eadp h\u1ea7u h\u1ebft c\u00e1c ph\u1ea7n c\u1ee7a ocfreetaxprep.com m\u00e0 kh\u00f4ng c\u1ea7n ti\u1ebft l\u1ed9 b\u1ea5t k\u1ef3 th\u00f4ng tin c\u00e1 nh\u00e2n n\u00e0o ho\u1eb7c cho ch\u00fang t\u00f4i bi\u1ebft b\u1ea1n l\u00e0 ai. Th\u00f4ng tin duy nh\u1ea5t ch\u00fang t\u00f4i thu th\u1eadp t\u1eeb m\u1ed9t l\u01b0\u1ee3t truy c\u1eadp trang web th\u00f4ng th\u01b0\u1eddng l\u00e0 t\u00ean nh\u00e0 cung c\u1ea5p d\u1ecbch v\u1ee5 Internet c\u1ee7a b\u1ea1n, tr\u00ecnh duy\u1ec7t v\u00e0 lo\u1ea1i m\u00e1y b\u1ea1n \u0111ang s\u1eed d\u1ee5ng, trang web \u0111\u00e3 gi\u1edbi thi\u1ec7u b\u1ea1n \u0111\u1ebfn v\u1edbi ch\u00fang t\u00f4i, c\u00e1c trang b\u1ea1n y\u00eau c\u1ea7u v\u00e0 ng\u00e0y gi\u1edd b\u1ea1n y\u00eau c\u1ea7u ch\u00fang. Ch\u00fang t\u00f4i s\u1eed d\u1ee5ng th\u00f4ng tin n\u00e0y \u0111\u1ec3 t\u1ea1o s\u1ed1 li\u1ec7u th\u1ed1ng k\u00ea v\u00e0 \u0111o l\u01b0\u1eddng ho\u1ea1t \u0111\u1ed9ng c\u1ee7a trang web nh\u1eb1m c\u1ea3i thi\u1ec7n t\u00ednh h\u1eefu \u00edch c\u1ee7a trang OC Free Tax Prep \u0111\u1ed1i v\u1edbi kh\u00e1ch truy c\u1eadp c\u1ee7a ch\u00fang t\u00f4i.<\/p>\n<p><b>Thu th\u1eadp th\u00f4ng tin nh\u1eadn d\u1ea1ng c\u00e1 nh\u00e2n<\/b><\/p>\n<p>OC Free Tax Prep c\u00f3 th\u1ec3 thu th\u1eadp \u0111\u1ecba ch\u1ec9 email v\u00e0 c\u00e1c d\u1eef li\u1ec7u nh\u1eadn d\u1ea1ng c\u00e1 nh\u00e2n kh\u00e1c v\u1ec1 kh\u00e1ch truy c\u1eadp khi d\u1eef li\u1ec7u \u0111\u00f3 \u0111\u01b0\u1ee3c t\u1ef1 nguy\u1ec7n g\u1eedi \u0111\u1ebfn ocfreetaxprep.com. V\u00ed d\u1ee5, trang web c\u1ee7a ch\u00fang t\u00f4i s\u1eed d\u1ee5ng c\u00e1c bi\u1ec3u m\u1eabu thu th\u1eadp th\u00f4ng tin \u0111\u1ec3 kh\u00e1ch truy c\u1eadp y\u00eau c\u1ea7u th\u00f4ng tin v\u00e0 \u0111\u0103ng k\u00fd nh\u1eadn b\u1ea3n tin mi\u1ec5n ph\u00ed c\u1ee7a ch\u00fang t\u00f4i. Th\u00f4ng tin li\u00ean h\u1ec7 t\u1eeb c\u00e1c bi\u1ec3u m\u1eabu \u0111\u0103ng k\u00fd n\u00e0y \u0111\u01b0\u1ee3c s\u1eed d\u1ee5ng \u0111\u1ec3 g\u1eedi th\u00f4ng tin v\u00e0 d\u1eef li\u1ec7u v\u1ec1 OC Free Tax Prep \u0111\u1ebfn nh\u1eefng kh\u00e1ch truy c\u1eadp \u0111\u00e3 ch\u1ecdn tham gia.<\/p>\n<p>OC Free Tax Prep c\u1ed1 g\u1eafng h\u1ebft s\u1ee9c \u0111\u1ec3 \u0111\u1ea3m b\u1ea3o vi\u1ec7c thu th\u1eadp v\u00e0 truy\u1ec1n t\u1ea3i th\u00f4ng tin nh\u1ea1y c\u1ea3m c\u1ee7a ng\u01b0\u1eddi d\u00f9ng m\u1ed9t c\u00e1ch an to\u00e0n b\u1eb1ng c\u00e1ch s\u1eed d\u1ee5ng c\u00e1c ph\u01b0\u01a1ng ph\u00e1p thu th\u1eadp v\u00e0 m\u00e3 h\u00f3a d\u1eef li\u1ec7u \u0111\u01b0\u1ee3c ch\u1ea5p nh\u1eadn trong ng\u00e0nh.<\/p>\n<p><b>Cookie, c\u00e1c c\u00f4ng ngh\u1ec7 t\u01b0\u01a1ng t\u1ef1 v\u00e0 c\u00e1ch ch\u00fang t\u00f4i s\u1eed d\u1ee5ng th\u00f4ng tin c\u1ee7a b\u1ea1n<\/b><\/p>\n<p>Ch\u00fang t\u00f4i c\u00f3 th\u1ec3 s\u1eed d\u1ee5ng th\u00f4ng tin thu th\u1eadp \u0111\u01b0\u1ee3c \u0111\u1ec3 th\u00f4ng b\u00e1o cho b\u1ea1n v\u1ec1 nh\u1eefng thay \u0111\u1ed5i quan tr\u1ecdng v\u1ec1 ch\u1ee9c n\u0103ng c\u1ee7a trang web, c\u00e1c d\u1ecbch v\u1ee5 m\u1edbi v\u00e0 c\u00e1c s\u1ef1 ki\u1ec7n \u0111\u1eb7c bi\u1ec7t m\u00e0 ch\u00fang t\u00f4i ngh\u0129 b\u1ea1n s\u1ebd th\u1ea5y h\u1eefu \u00edch. Ch\u00fang t\u00f4i c\u00f3 th\u1ec3 s\u1eed d\u1ee5ng cookie t\u1ea1m th\u1eddi \u0111\u1ec3 theo d\u00f5i h\u00e0nh vi c\u1ee7a b\u1ea1n tr\u00ean trang web c\u1ee7a ch\u00fang t\u00f4i \u0111\u1ec3 ch\u00fang t\u00f4i c\u00f3 th\u1ec3 cung c\u1ea5p cho b\u1ea1n n\u1ed9i dung \u0111\u01b0\u1ee3c t\u1ed1i \u01b0u h\u00f3a. B\u1ea1n c\u00f3 th\u1ec3 x\u00f3a cookie c\u1ee7a tr\u00ecnh duy\u1ec7t ho\u1eb7c gi\u1edbi h\u1ea1n cookie tr\u00ean tr\u00ecnh duy\u1ec7t c\u1ee7a m\u00ecnh \u0111\u1ec3 t\u1eaft t\u00ednh n\u0103ng n\u00e0y. Ch\u00fang t\u00f4i c\u0169ng c\u00f3 th\u1ec3 s\u1eed d\u1ee5ng t\u00ednh n\u0103ng theo d\u00f5i chuy\u1ec3n \u0111\u1ed5i mi\u1ec5n ph\u00ed c\u1ee7a Google AdWords \u0111\u1ec3 theo d\u00f5i c\u00e1c chuy\u1ec3n \u0111\u1ed5i tr\u00ean trang web c\u1ee7a ch\u00fang t\u00f4i. Th\u00f4ng tin n\u00e0y \u0111\u01b0\u1ee3c s\u1eed d\u1ee5ng \u0111\u1ec3 gi\u00fap ch\u00fang t\u00f4i \u0111o l\u01b0\u1eddng k\u1ebft qu\u1ea3 c\u00e1c n\u1ed7 l\u1ef1c ti\u1ebfp th\u1ecb c\u1ee7a m\u00ecnh, \u0111\u1ec3 ch\u00fang t\u00f4i c\u00f3 th\u1ec3 \u0111\u01b0a ra c\u00e1c quy\u1ebft \u0111\u1ecbnh s\u00e1ng su\u1ed1t nh\u1ea5t h\u1ed7 tr\u1ee3 c\u00e1c ch\u01b0\u01a1ng tr\u00ecnh v\u00e0 chi\u1ebfn d\u1ecbch g\u00e2y qu\u1ef9 c\u1ee7a ch\u00fang t\u00f4i. \u0110\u1ec3 bi\u1ebft th\u00eam th\u00f4ng tin ho\u1eb7c t\u1eeb ch\u1ed1i tham gia, vui l\u00f2ng xem <a href=\"https:\/\/www.google.com\/policies\/technologies\/ads\/\" target=\"_blank\" rel=\"noopener\">Ch\u00ednh s\u00e1ch Qu\u1ea3ng c\u00e1o &amp; Quy\u1ec1n ri\u00eang t\u01b0 c\u1ee7a Google<\/a>. Ch\u00fang t\u00f4i c\u00f3 th\u1ec3 s\u1eed d\u1ee5ng c\u00f4ng ngh\u1ec7 Google Remarketing \u0111\u1ec3 hi\u1ec3n th\u1ecb qu\u1ea3ng c\u00e1o cho b\u1ea1n n\u1ebfu b\u1ea1n \u0111\u00e3 truy c\u1eadp trang web c\u1ee7a ch\u00fang t\u00f4i tr\u01b0\u1edbc \u0111\u00e2y v\u00e0 hi\u1ec3n th\u1ecb th\u00f4ng \u0111i\u1ec7p ph\u00f9 h\u1ee3p. C\u00e1c b\u00ean th\u1ee9 ba, v\u00ed d\u1ee5 nh\u01b0 Google v\u00e0 Facebook, c\u00f3 th\u1ec3 s\u1eed d\u1ee5ng cookie, web beacon v\u00e0 c\u00e1c c\u00f4ng ngh\u1ec7 t\u01b0\u01a1ng t\u1ef1 \u0111\u1ec3 thu th\u1eadp ho\u1eb7c nh\u1eadn th\u00f4ng tin t\u1eeb trang web c\u1ee7a ch\u00fang t\u00f4i v\u00e0 c\u00e1c trang kh\u00e1c tr\u00ean Internet, \u0111\u1ed3ng th\u1eddi s\u1eed d\u1ee5ng th\u00f4ng tin \u0111\u00f3 \u0111\u1ec3 cung c\u1ea5p d\u1ecbch v\u1ee5 \u0111o l\u01b0\u1eddng v\u00e0 nh\u1eafm m\u1ee5c ti\u00eau qu\u1ea3ng c\u00e1o. B\u1ea1n c\u00f3 th\u1ec3 t\u1eeb ch\u1ed1i vi\u1ec7c thu th\u1eadp v\u00e0 s\u1eed d\u1ee5ng th\u00f4ng tin cho m\u1ee5c \u0111\u00edch nh\u1eafm m\u1ee5c ti\u00eau qu\u1ea3ng c\u00e1o th\u00f4ng qua <a href=\"http:\/\/digitaladvertisingalliance.org\/\" target=\"_blank\" rel=\"noopener\">Hi\u1ec7p H\u1ed9i Qu\u1ea3ng C\u00e1o S\u1ed1<\/a> v\u00e0\/ho\u1eb7c <a href=\"http:\/\/optout.networkadvertising.org\/#\/\" target=\"_blank\" rel=\"noopener\">T\u1ed5 ch\u1ee9c S\u00e1ng ki\u1ebfn Qu\u1ea3ng c\u00e1o M\u1ea1ng<\/a> trang t\u1eeb ch\u1ed1i tham gia.<\/p>\n<p>V\u1edbi s\u1ef1 \u0111\u1ed3ng \u00fd r\u00f5 r\u00e0ng c\u1ee7a b\u1ea1n, ch\u00fang t\u00f4i c\u00f3 th\u1ec3 s\u1eed d\u1ee5ng tin nh\u1eafn v\u0103n b\u1ea3n \u0111\u1ec3 gi\u1eef li\u00ean l\u1ea1c v\u1edbi b\u1ea1n v\u1ec1 c\u00e1c ch\u01b0\u01a1ng tr\u00ecnh, s\u1ef1 ki\u1ec7n, ho\u1ea1t \u0111\u1ed9ng g\u00e2y qu\u1ef9 v\u00e0 tin t\u1ee9c kh\u00e1c c\u1ee7a ch\u00fang t\u00f4i. Ch\u00fang t\u00f4i g\u1eedi kho\u1ea3ng 4 tin nh\u1eafn\/th\u00e1ng. C\u00f3 th\u1ec3 \u00e1p d\u1ee5ng ph\u00ed nh\u1eafn tin v\u00e0 d\u1eef li\u1ec7u. T\u1ea5t c\u1ea3 tin nh\u1eafn di \u0111\u1ed9ng g\u1eedi \u0111i lu\u00f4n t\u1ef1 \u0111\u1ed9ng bao g\u1ed3m \u201cNh\u1ea5n HELP \u0111\u1ec3 \u0111\u01b0\u1ee3c tr\u1ee3 gi\u00fap\u201d ho\u1eb7c \u201cNh\u1ea5n STOP \u0111\u1ec3 ng\u1eebng\u201d ho\u1eb7c \u201cNh\u1ea5n STOP \u0111\u1ec3 h\u1ee7y \u0111\u0103ng k\u00fd\u201d \u0111\u1ec3 b\u1ea1n c\u00f3 th\u1ec3 d\u1ec5 d\u00e0ng nh\u1eadn tr\u1ee3 gi\u00fap ho\u1eb7c h\u1ee7y \u0111\u0103ng k\u00fd.<\/p>\n<p><b>Li\u00ean h\u1ec7 B\u1ea3o m\u1eadt D\u1eef li\u1ec7u<\/b><\/p>\n<p>\u0110\u1ec3 y\u00eau c\u1ea7u v\u1ec1 b\u1ea3o m\u1eadt, quy\u1ec1n ch\u1ec9nh s\u1eeda th\u00f4ng tin c\u00e1 nh\u00e2n, y\u00eau c\u1ea7u b\u1ea3n sao th\u00f4ng tin c\u00e1 nh\u00e2n, ho\u1eb7c y\u00eau c\u1ea7u x\u00f3a th\u00f4ng tin, vui l\u00f2ng g\u1eedi email \u0111\u1ebfn: <a href=\"mailto:dataprotection@unitedwayoc.org\">dataprotection@unitedwayoc.org<\/a>.<\/p>\n<p><b>T\u1eeb ch\u1ed1i tham gia<\/b><\/p>\n<p>\u0110\u1ec3 y\u00eau c\u1ea7u b\u1ea1n \u0111\u01b0\u1ee3c x\u00f3a kh\u1ecfi danh s\u00e1ch g\u1eedi th\u01b0 v\u00e0\/ho\u1eb7c email, b\u1ea1n c\u00f3 th\u1ec3 vi\u1ebft:<\/p>\n<p>OC Free Tax Prep\/Orange County United Way<br>\nK\u00ednh g\u1eedi: Xin t\u1eeb ch\u1ed1i nh\u1eadn tin<br>\n18012 \u0110\u1ea1i l\u1ed9 Mitchell Nam<br>\nIrvine, CA 92614<\/p>\n<p>Ho\u1eb7c<br>\nEmail: <a href=\"mailto:VITA@unitedwayoc.org\">VITA@unitedwayoc.org<\/a><\/p>\n<p>Vui l\u00f2ng tham kh\u1ea3o \u201cCookie, C\u00f4ng ngh\u1ec7 T\u01b0\u01a1ng t\u1ef1 v\u00e0 C\u00e1ch ch\u00fang t\u00f4i s\u1eed d\u1ee5ng th\u00f4ng tin c\u1ee7a b\u1ea1n\u201d \u0111\u1ec3 bi\u1ebft th\u00eam c\u00e1c t\u00f9y ch\u1ecdn t\u1eeb ch\u1ed1i.<\/p>\n<p><strong>C\u00e1c c\u00f4ng ty b\u00ean th\u1ee9 ba<\/strong><\/p>\n<p>Ch\u00fang t\u00f4i kh\u00f4ng cung c\u1ea5p th\u00f4ng tin c\u1ee7a b\u1ea1n cho b\u00ean th\u1ee9 ba tr\u1eeb khi ph\u00e1p lu\u1eadt y\u00eau c\u1ea7u.<\/p>\n<p><strong>S\u1eeda \u0111\u1ed5i\/b\u1ed5 sung<\/strong><\/p>\n<p>OC Free Tax Prep c\u00f3 th\u1ec3 s\u1eeda \u0111\u1ed5i ch\u00ednh s\u00e1ch n\u00e0y theo th\u1eddi gian. N\u1ebfu ch\u00fang t\u00f4i th\u1ef1c hi\u1ec7n nh\u1eefng thay \u0111\u1ed5i \u0111\u00e1ng k\u1ec3 trong c\u00e1ch ch\u00fang t\u00f4i s\u1eed d\u1ee5ng t\u00ean, \u0111\u1ecba ch\u1ec9 ho\u1eb7c th\u00f4ng tin kh\u00e1c m\u00e0 b\u1ea1n \u0111\u00e3 ti\u1ebft l\u1ed9 cho ch\u00fang t\u00f4i, ch\u00fang t\u00f4i s\u1ebd th\u00f4ng b\u00e1o cho b\u1ea1n b\u1eb1ng c\u00e1ch \u0111\u0103ng b\u1ea3n c\u1eadp nh\u1eadt tr\u00ean trang web c\u1ee7a ch\u00fang t\u00f4i.<\/p>\t\t\t\t\t\t\t\t<\/div>\n\t\t\t\t<\/div>\n\t\t\t\t<\/div>\n\t\t\t\t\t<\/div>\n\t\t\t\t<\/div>\n\t\t\t\t<section class=\"elementor-section elementor-top-section elementor-element elementor-element-4b7d63ed elementor-section-height-min-height elementor-section-items-bottom elementor-section-content-bottom elementor-hidden-desktop elementor-hidden-tablet elementor-hidden-mobile elementor-section-boxed elementor-section-height-default\" data-id=\"4b7d63ed\" data-element_type=\"section\" data-e-type=\"section\" data-settings=\"{&quot;background_background&quot;:&quot;classic&quot;}\">\n\t\t\t\t\t\t\t<div class=\"elementor-background-overlay\"><\/div>\n\t\t\t\t\t\t\t<div class=\"elementor-container elementor-column-gap-default\">\n\t\t\t\t\t<div class=\"elementor-column elementor-col-100 elementor-top-column elementor-element elementor-element-61ce133f\" data-id=\"61ce133f\" data-element_type=\"column\" data-e-type=\"column\">\n\t\t\t<div class=\"elementor-widget-wrap elementor-element-populated\">\n\t\t\t\t\t\t<div class=\"elementor-element elementor-element-41d47e64 elementor-widget elementor-widget-heading\" data-id=\"41d47e64\" data-element_type=\"widget\" data-e-type=\"widget\" data-widget_type=\"heading.default\">\n\t\t\t\t<div class=\"elementor-widget-container\">\n\t\t\t\t\t<h2 class=\"elementor-heading-title elementor-size-default\">Ch\u00ednh s\u00e1ch b\u1ea3o m\u1eadt<\/h2>\t\t\t\t<\/div>\n\t\t\t\t<\/div>\n\t\t\t\t\t<\/div>\n\t\t<\/div>\n\t\t\t\t\t<\/div>\n\t\t<\/section>\n\t\t\t\t<section class=\"elementor-section elementor-top-section elementor-element elementor-element-730bb496 elementor-hidden-desktop elementor-hidden-tablet elementor-hidden-mobile elementor-section-boxed elementor-section-height-default elementor-section-height-default\" data-id=\"730bb496\" data-element_type=\"section\" data-e-type=\"section\">\n\t\t\t\t\t\t<div class=\"elementor-container elementor-column-gap-default\">\n\t\t\t\t\t<div class=\"elementor-column elementor-col-100 elementor-top-column elementor-element elementor-element-3641589c\" data-id=\"3641589c\" data-element_type=\"column\" data-e-type=\"column\">\n\t\t\t<div class=\"elementor-widget-wrap elementor-element-populated\">\n\t\t\t\t\t\t<div class=\"elementor-element elementor-element-75462682 elementor-widget elementor-widget-text-editor\" data-id=\"75462682\" data-element_type=\"widget\" data-e-type=\"widget\" data-widget_type=\"text-editor.default\">\n\t\t\t\t<div class=\"elementor-widget-container\">\n\t\t\t\t\t\t\t\t\t<h3>CAM K\u1ebeT B\u1ea2O V\u1ec6 QUY\u1ec0N RI\u00caNG T\u01af C\u1ee6A NG\u01af\u1edcI D\u00d9NG<\/h3>\n<p>OC Free Tax Prep s\u1ebd kh\u00f4ng b\u00e1n, trao \u0111\u1ed5i, cho thu\u00ea ho\u1eb7c chia s\u1ebb t\u00ean, th\u00f4ng tin c\u00e1 nh\u00e2n v\u00e0 t\u00e0i ch\u00ednh c\u1ee7a c\u00e1c nh\u00e0 t\u00e0i tr\u1ee3 v\u1edbi b\u1ea5t k\u1ef3 t\u1ed5 ch\u1ee9c n\u00e0o kh\u00e1c (bao g\u1ed3m c\u00e1c nh\u00e0 cung c\u1ea5p, c\u01a1 quan \u0111\u1ed1i t\u00e1c ho\u1eb7c b\u1ea5t k\u1ef3 b\u00ean th\u1ee9 ba n\u00e0o kh\u00e1c), c\u0169ng nh\u01b0 kh\u00f4ng g\u1eedi th\u01b0 cho c\u00e1c nh\u00e0 t\u00e0i tr\u1ee3 nh\u00e2n danh c\u00e1c t\u1ed5 ch\u1ee9c kh\u00e1c. OC Free Tax Prep cam k\u1ebft b\u1ea3o v\u1ec7 v\u00e0 g\u00ecn gi\u1eef t\u1ea5t c\u1ea3 th\u00f4ng tin nh\u1eadn \u0111\u01b0\u1ee3c c\u1ea3 tr\u1ef1c tuy\u1ebfn v\u00e0 ngo\u1ea1i tuy\u1ebfn, tr\u00ean b\u1ea5t k\u1ef3 N\u1ec1n t\u1ea3ng n\u00e0o (\u2019N\u1ec1n t\u1ea3ng\u201c, bao g\u1ed3m trang web c\u1ee7a OC Free Tax Prep), c\u0169ng nh\u01b0 b\u1ea5t k\u1ef3 giao ti\u1ebfp \u0111i\u1ec7n t\u1eed, b\u1eb1ng v\u0103n b\u1ea3n ho\u1eb7c b\u1eb1ng l\u1eddi n\u00f3i n\u00e0o.<\/p>\n<p><b>S\u1eed d\u1ee5ng trang web th\u00f4ng th\u01b0\u1eddng<\/b><\/p>\n<p>OC Free Tax Prep cam k\u1ebft m\u1ea1nh m\u1ebd v\u1ec1 quy\u1ec1n ri\u00eang t\u01b0 tr\u00ean Internet. B\u1ea1n c\u00f3 th\u1ec3 truy c\u1eadp h\u1ea7u h\u1ebft c\u00e1c ph\u1ea7n c\u1ee7a ocfreetaxprep.com m\u00e0 kh\u00f4ng c\u1ea7n ti\u1ebft l\u1ed9 b\u1ea5t k\u1ef3 th\u00f4ng tin c\u00e1 nh\u00e2n n\u00e0o ho\u1eb7c cho ch\u00fang t\u00f4i bi\u1ebft b\u1ea1n l\u00e0 ai. Th\u00f4ng tin duy nh\u1ea5t ch\u00fang t\u00f4i thu th\u1eadp t\u1eeb m\u1ed9t l\u01b0\u1ee3t truy c\u1eadp trang web th\u00f4ng th\u01b0\u1eddng l\u00e0 t\u00ean nh\u00e0 cung c\u1ea5p d\u1ecbch v\u1ee5 Internet c\u1ee7a b\u1ea1n, tr\u00ecnh duy\u1ec7t v\u00e0 lo\u1ea1i m\u00e1y b\u1ea1n \u0111ang s\u1eed d\u1ee5ng, trang web \u0111\u00e3 gi\u1edbi thi\u1ec7u b\u1ea1n \u0111\u1ebfn v\u1edbi ch\u00fang t\u00f4i, c\u00e1c trang b\u1ea1n y\u00eau c\u1ea7u v\u00e0 ng\u00e0y gi\u1edd b\u1ea1n y\u00eau c\u1ea7u ch\u00fang. Ch\u00fang t\u00f4i s\u1eed d\u1ee5ng th\u00f4ng tin n\u00e0y \u0111\u1ec3 t\u1ea1o s\u1ed1 li\u1ec7u th\u1ed1ng k\u00ea v\u00e0 \u0111o l\u01b0\u1eddng ho\u1ea1t \u0111\u1ed9ng c\u1ee7a trang web nh\u1eb1m c\u1ea3i thi\u1ec7n t\u00ednh h\u1eefu \u00edch c\u1ee7a trang OC Free Tax Prep \u0111\u1ed1i v\u1edbi kh\u00e1ch truy c\u1eadp c\u1ee7a ch\u00fang t\u00f4i.<\/p>\n<p><b>Thu th\u1eadp th\u00f4ng tin nh\u1eadn d\u1ea1ng c\u00e1 nh\u00e2n<\/b><\/p>\n<p>OC Free Tax Prep c\u00f3 th\u1ec3 thu th\u1eadp \u0111\u1ecba ch\u1ec9 email v\u00e0 c\u00e1c d\u1eef li\u1ec7u nh\u1eadn d\u1ea1ng c\u00e1 nh\u00e2n kh\u00e1c v\u1ec1 kh\u00e1ch truy c\u1eadp khi d\u1eef li\u1ec7u \u0111\u00f3 \u0111\u01b0\u1ee3c t\u1ef1 nguy\u1ec7n g\u1eedi \u0111\u1ebfn ocfreetaxprep.com. V\u00ed d\u1ee5, trang web c\u1ee7a ch\u00fang t\u00f4i s\u1eed d\u1ee5ng c\u00e1c bi\u1ec3u m\u1eabu thu th\u1eadp th\u00f4ng tin \u0111\u1ec3 kh\u00e1ch truy c\u1eadp y\u00eau c\u1ea7u th\u00f4ng tin v\u00e0 \u0111\u0103ng k\u00fd nh\u1eadn b\u1ea3n tin mi\u1ec5n ph\u00ed c\u1ee7a ch\u00fang t\u00f4i. Th\u00f4ng tin li\u00ean h\u1ec7 t\u1eeb c\u00e1c bi\u1ec3u m\u1eabu \u0111\u0103ng k\u00fd n\u00e0y \u0111\u01b0\u1ee3c s\u1eed d\u1ee5ng \u0111\u1ec3 g\u1eedi th\u00f4ng tin v\u00e0 d\u1eef li\u1ec7u v\u1ec1 OC Free Tax Prep \u0111\u1ebfn nh\u1eefng kh\u00e1ch truy c\u1eadp \u0111\u00e3 ch\u1ecdn tham gia.<\/p>\n<p>OC Free Tax Prep c\u1ed1 g\u1eafng h\u1ebft s\u1ee9c \u0111\u1ec3 \u0111\u1ea3m b\u1ea3o vi\u1ec7c thu th\u1eadp v\u00e0 truy\u1ec1n t\u1ea3i th\u00f4ng tin nh\u1ea1y c\u1ea3m c\u1ee7a ng\u01b0\u1eddi d\u00f9ng m\u1ed9t c\u00e1ch an to\u00e0n b\u1eb1ng c\u00e1ch s\u1eed d\u1ee5ng c\u00e1c ph\u01b0\u01a1ng ph\u00e1p thu th\u1eadp v\u00e0 m\u00e3 h\u00f3a d\u1eef li\u1ec7u \u0111\u01b0\u1ee3c ch\u1ea5p nh\u1eadn trong ng\u00e0nh.<\/p>\n<p><b>Cookie, c\u00e1c c\u00f4ng ngh\u1ec7 t\u01b0\u01a1ng t\u1ef1 v\u00e0 c\u00e1ch ch\u00fang t\u00f4i s\u1eed d\u1ee5ng th\u00f4ng tin c\u1ee7a b\u1ea1n<\/b><\/p>\n<p>Ch\u00fang t\u00f4i c\u00f3 th\u1ec3 s\u1eed d\u1ee5ng th\u00f4ng tin thu th\u1eadp \u0111\u01b0\u1ee3c \u0111\u1ec3 th\u00f4ng b\u00e1o cho b\u1ea1n v\u1ec1 nh\u1eefng thay \u0111\u1ed5i quan tr\u1ecdng v\u1ec1 ch\u1ee9c n\u0103ng c\u1ee7a trang web, c\u00e1c d\u1ecbch v\u1ee5 m\u1edbi v\u00e0 c\u00e1c s\u1ef1 ki\u1ec7n \u0111\u1eb7c bi\u1ec7t m\u00e0 ch\u00fang t\u00f4i ngh\u0129 b\u1ea1n s\u1ebd th\u1ea5y h\u1eefu \u00edch. Ch\u00fang t\u00f4i c\u00f3 th\u1ec3 s\u1eed d\u1ee5ng cookie t\u1ea1m th\u1eddi \u0111\u1ec3 theo d\u00f5i h\u00e0nh vi c\u1ee7a b\u1ea1n tr\u00ean trang web c\u1ee7a ch\u00fang t\u00f4i \u0111\u1ec3 ch\u00fang t\u00f4i c\u00f3 th\u1ec3 cung c\u1ea5p cho b\u1ea1n n\u1ed9i dung \u0111\u01b0\u1ee3c t\u1ed1i \u01b0u h\u00f3a. B\u1ea1n c\u00f3 th\u1ec3 x\u00f3a cookie c\u1ee7a tr\u00ecnh duy\u1ec7t ho\u1eb7c gi\u1edbi h\u1ea1n cookie tr\u00ean tr\u00ecnh duy\u1ec7t c\u1ee7a m\u00ecnh \u0111\u1ec3 t\u1eaft t\u00ednh n\u0103ng n\u00e0y. Ch\u00fang t\u00f4i c\u0169ng c\u00f3 th\u1ec3 s\u1eed d\u1ee5ng t\u00ednh n\u0103ng theo d\u00f5i chuy\u1ec3n \u0111\u1ed5i mi\u1ec5n ph\u00ed c\u1ee7a Google AdWords \u0111\u1ec3 theo d\u00f5i c\u00e1c chuy\u1ec3n \u0111\u1ed5i tr\u00ean trang web c\u1ee7a ch\u00fang t\u00f4i. Th\u00f4ng tin n\u00e0y \u0111\u01b0\u1ee3c s\u1eed d\u1ee5ng \u0111\u1ec3 gi\u00fap ch\u00fang t\u00f4i \u0111o l\u01b0\u1eddng k\u1ebft qu\u1ea3 c\u00e1c n\u1ed7 l\u1ef1c ti\u1ebfp th\u1ecb c\u1ee7a m\u00ecnh, \u0111\u1ec3 ch\u00fang t\u00f4i c\u00f3 th\u1ec3 \u0111\u01b0a ra c\u00e1c quy\u1ebft \u0111\u1ecbnh s\u00e1ng su\u1ed1t nh\u1ea5t h\u1ed7 tr\u1ee3 c\u00e1c ch\u01b0\u01a1ng tr\u00ecnh v\u00e0 chi\u1ebfn d\u1ecbch g\u00e2y qu\u1ef9 c\u1ee7a ch\u00fang t\u00f4i. \u0110\u1ec3 bi\u1ebft th\u00eam th\u00f4ng tin ho\u1eb7c t\u1eeb ch\u1ed1i tham gia, vui l\u00f2ng xem <a href=\"https:\/\/www.google.com\/policies\/technologies\/ads\/\" target=\"_blank\" rel=\"noopener\">Ch\u00ednh s\u00e1ch Qu\u1ea3ng c\u00e1o &amp; Quy\u1ec1n ri\u00eang t\u01b0 c\u1ee7a Google<\/a>. Ch\u00fang t\u00f4i c\u00f3 th\u1ec3 s\u1eed d\u1ee5ng c\u00f4ng ngh\u1ec7 Google Remarketing \u0111\u1ec3 hi\u1ec3n th\u1ecb qu\u1ea3ng c\u00e1o cho b\u1ea1n n\u1ebfu b\u1ea1n \u0111\u00e3 truy c\u1eadp trang web c\u1ee7a ch\u00fang t\u00f4i tr\u01b0\u1edbc \u0111\u00e2y v\u00e0 hi\u1ec3n th\u1ecb th\u00f4ng \u0111i\u1ec7p ph\u00f9 h\u1ee3p. C\u00e1c b\u00ean th\u1ee9 ba, v\u00ed d\u1ee5 nh\u01b0 Google v\u00e0 Facebook, c\u00f3 th\u1ec3 s\u1eed d\u1ee5ng cookie, web beacon v\u00e0 c\u00e1c c\u00f4ng ngh\u1ec7 t\u01b0\u01a1ng t\u1ef1 \u0111\u1ec3 thu th\u1eadp ho\u1eb7c nh\u1eadn th\u00f4ng tin t\u1eeb trang web c\u1ee7a ch\u00fang t\u00f4i v\u00e0 c\u00e1c trang kh\u00e1c tr\u00ean Internet, \u0111\u1ed3ng th\u1eddi s\u1eed d\u1ee5ng th\u00f4ng tin \u0111\u00f3 \u0111\u1ec3 cung c\u1ea5p d\u1ecbch v\u1ee5 \u0111o l\u01b0\u1eddng v\u00e0 nh\u1eafm m\u1ee5c ti\u00eau qu\u1ea3ng c\u00e1o. B\u1ea1n c\u00f3 th\u1ec3 t\u1eeb ch\u1ed1i vi\u1ec7c thu th\u1eadp v\u00e0 s\u1eed d\u1ee5ng th\u00f4ng tin cho m\u1ee5c \u0111\u00edch nh\u1eafm m\u1ee5c ti\u00eau qu\u1ea3ng c\u00e1o th\u00f4ng qua <a href=\"http:\/\/digitaladvertisingalliance.org\/\" target=\"_blank\" rel=\"noopener\">Hi\u1ec7p H\u1ed9i Qu\u1ea3ng C\u00e1o S\u1ed1<\/a> v\u00e0\/ho\u1eb7c <a href=\"http:\/\/optout.networkadvertising.org\/#\/\" target=\"_blank\" rel=\"noopener\">T\u1ed5 ch\u1ee9c S\u00e1ng ki\u1ebfn Qu\u1ea3ng c\u00e1o M\u1ea1ng<\/a> trang t\u1eeb ch\u1ed1i tham gia.<\/p>\n<p>V\u1edbi s\u1ef1 \u0111\u1ed3ng \u00fd r\u00f5 r\u00e0ng c\u1ee7a b\u1ea1n, ch\u00fang t\u00f4i c\u00f3 th\u1ec3 s\u1eed d\u1ee5ng tin nh\u1eafn v\u0103n b\u1ea3n \u0111\u1ec3 gi\u1eef li\u00ean l\u1ea1c v\u1edbi b\u1ea1n v\u1ec1 c\u00e1c ch\u01b0\u01a1ng tr\u00ecnh, s\u1ef1 ki\u1ec7n, ho\u1ea1t \u0111\u1ed9ng g\u00e2y qu\u1ef9 v\u00e0 tin t\u1ee9c kh\u00e1c c\u1ee7a ch\u00fang t\u00f4i. Ch\u00fang t\u00f4i g\u1eedi kho\u1ea3ng 4 tin nh\u1eafn\/th\u00e1ng. C\u00f3 th\u1ec3 \u00e1p d\u1ee5ng ph\u00ed nh\u1eafn tin v\u00e0 d\u1eef li\u1ec7u. T\u1ea5t c\u1ea3 tin nh\u1eafn di \u0111\u1ed9ng g\u1eedi \u0111i lu\u00f4n t\u1ef1 \u0111\u1ed9ng bao g\u1ed3m \u201cNh\u1ea5n HELP \u0111\u1ec3 \u0111\u01b0\u1ee3c tr\u1ee3 gi\u00fap\u201d ho\u1eb7c \u201cNh\u1ea5n STOP \u0111\u1ec3 ng\u1eebng\u201d ho\u1eb7c \u201cNh\u1ea5n STOP \u0111\u1ec3 h\u1ee7y \u0111\u0103ng k\u00fd\u201d \u0111\u1ec3 b\u1ea1n c\u00f3 th\u1ec3 d\u1ec5 d\u00e0ng nh\u1eadn tr\u1ee3 gi\u00fap ho\u1eb7c h\u1ee7y \u0111\u0103ng k\u00fd.<\/p>\n<p><b>Li\u00ean h\u1ec7 B\u1ea3o m\u1eadt D\u1eef li\u1ec7u<\/b><\/p>\n<p>\u0110\u1ec3 y\u00eau c\u1ea7u v\u1ec1 b\u1ea3o m\u1eadt, quy\u1ec1n ch\u1ec9nh s\u1eeda th\u00f4ng tin c\u00e1 nh\u00e2n, y\u00eau c\u1ea7u b\u1ea3n sao th\u00f4ng tin c\u00e1 nh\u00e2n, ho\u1eb7c y\u00eau c\u1ea7u x\u00f3a th\u00f4ng tin, vui l\u00f2ng g\u1eedi email \u0111\u1ebfn: <a href=\"mailto:dataprotection@unitedwayoc.org\">dataprotection@unitedwayoc.org<\/a>.<\/p>\n<p><b>T\u1eeb ch\u1ed1i tham gia<\/b><\/p>\n<p>\u0110\u1ec3 y\u00eau c\u1ea7u b\u1ea1n \u0111\u01b0\u1ee3c x\u00f3a kh\u1ecfi danh s\u00e1ch g\u1eedi th\u01b0 v\u00e0\/ho\u1eb7c email, b\u1ea1n c\u00f3 th\u1ec3 vi\u1ebft:<\/p>\n<p>OC Free Tax Prep\/Orange County United Way<br>\nK\u00ednh g\u1eedi: Xin t\u1eeb ch\u1ed1i nh\u1eadn tin<br>\n18012 \u0110\u1ea1i l\u1ed9 Mitchell Nam<br>\nIrvine, CA 92614<\/p>\n<p>Ho\u1eb7c<br>\nEmail: <a href=\"mailto:VITA@unitedwayoc.org\">VITA@unitedwayoc.org<\/a><\/p>\n<p>Vui l\u00f2ng tham kh\u1ea3o \u201cCookie, C\u00f4ng ngh\u1ec7 T\u01b0\u01a1ng t\u1ef1 v\u00e0 C\u00e1ch ch\u00fang t\u00f4i s\u1eed d\u1ee5ng th\u00f4ng tin c\u1ee7a b\u1ea1n\u201d \u0111\u1ec3 bi\u1ebft th\u00eam c\u00e1c t\u00f9y ch\u1ecdn t\u1eeb ch\u1ed1i.<\/p>\n<p><strong>C\u00e1c c\u00f4ng ty b\u00ean th\u1ee9 ba<\/strong><\/p>\n<p>Ch\u00fang t\u00f4i kh\u00f4ng cung c\u1ea5p th\u00f4ng tin c\u1ee7a b\u1ea1n cho b\u00ean th\u1ee9 ba tr\u1eeb khi ph\u00e1p lu\u1eadt y\u00eau c\u1ea7u.<\/p>\n<p><strong>S\u1eeda \u0111\u1ed5i\/b\u1ed5 sung<\/strong><\/p>\n<p>OC Free Tax Prep c\u00f3 th\u1ec3 s\u1eeda \u0111\u1ed5i ch\u00ednh s\u00e1ch n\u00e0y theo th\u1eddi gian. N\u1ebfu ch\u00fang t\u00f4i th\u1ef1c hi\u1ec7n nh\u1eefng thay \u0111\u1ed5i \u0111\u00e1ng k\u1ec3 trong c\u00e1ch ch\u00fang t\u00f4i s\u1eed d\u1ee5ng t\u00ean, \u0111\u1ecba ch\u1ec9 ho\u1eb7c th\u00f4ng tin kh\u00e1c m\u00e0 b\u1ea1n \u0111\u00e3 ti\u1ebft l\u1ed9 cho ch\u00fang t\u00f4i, ch\u00fang t\u00f4i s\u1ebd th\u00f4ng b\u00e1o cho b\u1ea1n b\u1eb1ng c\u00e1ch \u0111\u0103ng b\u1ea3n c\u1eadp nh\u1eadt tr\u00ean trang web c\u1ee7a ch\u00fang t\u00f4i.<\/p>\t\t\t\t\t\t\t\t<\/div>\n\t\t\t\t<\/div>\n\t\t\t\t\t<\/div>\n\t\t<\/div>\n\t\t\t\t\t<\/div>\n\t\t<\/section>\n\t\t\t\t<\/div>","protected":false},"excerpt":{"rendered":"<p>Privacy policy OUR COMMITMENT TO SAFEGUARD OUR USER\u2019S PRIVACY OC Free Tax Prep will not sell, trade, rent or share our donors\u2019 names, personal and financial information with any other entity (including vendors, partner agencies or any other third parties), nor send mailings to our donors on behalf of other organizations. OC Free Tax Prep [&hellip;]<\/p>\n","protected":false},"author":30,"featured_media":0,"parent":0,"menu_order":0,"comment_status":"closed","ping_status":"closed","template":"","meta":{"inline_featured_image":false,"footnotes":"","_links_to":"","_links_to_target":""},"class_list":["post-16375","page","type-page","status-publish","hentry"],"_links":{"self":[{"href":"https:\/\/ocfreetaxprep.com\/vi\/wp-json\/wp\/v2\/pages\/16375","targetHints":{"allow":["GET"]}}],"collection":[{"href":"https:\/\/ocfreetaxprep.com\/vi\/wp-json\/wp\/v2\/pages"}],"about":[{"href":"https:\/\/ocfreetaxprep.com\/vi\/wp-json\/wp\/v2\/types\/page"}],"author":[{"embeddable":true,"href":"https:\/\/ocfreetaxprep.com\/vi\/wp-json\/wp\/v2\/users\/30"}],"replies":[{"embeddable":true,"href":"https:\/\/ocfreetaxprep.com\/vi\/wp-json\/wp\/v2\/comments?post=16375"}],"version-history":[{"count":0,"href":"https:\/\/ocfreetaxprep.com\/vi\/wp-json\/wp\/v2\/pages\/16375\/revisions"}],"wp:attachment":[{"href":"https:\/\/ocfreetaxprep.com\/vi\/wp-json\/wp\/v2\/media?parent=16375"}],"curies":[{"name":"wp","href":"https:\/\/api.w.org\/{rel}","templated":true}]}}