{"id":17437,"date":"2020-12-15T11:52:06","date_gmt":"2020-12-15T19:52:06","guid":{"rendered":"https:\/\/ocfreetaxprep.com\/?page_id=17437"},"modified":"2026-03-13T12:41:44","modified_gmt":"2026-03-13T19:41:44","slug":"locations","status":"publish","type":"page","link":"https:\/\/ocfreetaxprep.com\/vi\/locations\/","title":{"rendered":"\u0110\u1ecba \u0111i\u1ec3m l\u00e0m t\u1edd khai thu\u1ebf mi\u1ec5n ph\u00ed OC"},"content":{"rendered":"<div data-elementor-type=\"wp-page\" data-elementor-id=\"17437\" class=\"elementor elementor-17437\" data-elementor-post-type=\"page\">\n\t\t\t\t<div class=\"elementor-element elementor-element-3e11ea9 e-con-full e-flex e-con e-parent\" data-id=\"3e11ea9\" data-element_type=\"container\" data-e-type=\"container\">\n\t\t\t\t<div class=\"elementor-element elementor-element-c86ce7f elementor-widget elementor-widget-html\" data-id=\"c86ce7f\" data-element_type=\"widget\" data-e-type=\"widget\" data-widget_type=\"html.default\">\n\t\t\t\t<div class=\"elementor-widget-container\">\n\t\t\t\t\t\n          <meta name=\"googlemap-key\" content=\"AIzaSyBTJcymqgB2vKBTytDDzsa8DT2xKP3P25M\">\n          <meta name=\"ajax_url\" content=\"https:\/\/ocfreetaxprep.com\/wp-admin\/admin-ajax.php\">\n          <meta name=\"img_url\" content=\"https:\/\/ocfreetaxprep.com\/wp-content\/plugins\/octp-locations\/assets\/img\/\">\n          <div id=\"appmap\" class=\"appmap\"><\/div>\n          <link rel=\"stylesheet\" href=\"\/wp-content\/plugins\/octp-locations\/dist\/site\/app.css?v=1.1\" \/>\n          <script type=\"text\/javascript\" async=\"\" src=\"\/wp-content\/plugins\/octp-locations\/dist\/site\/app.js?v=1.4\"><\/script>\n        \t\t\t\t<\/div>\n\t\t\t\t<\/div>\n\t\t\t\t<\/div>\n\t\t<div class=\"elementor-element elementor-element-07a2c6a elementor-hidden-desktop elementor-hidden-tablet elementor-hidden-mobile e-flex e-con-boxed e-con e-parent\" data-id=\"07a2c6a\" data-element_type=\"container\" data-e-type=\"container\" data-settings=\"{&quot;background_background&quot;:&quot;classic&quot;}\">\n\t\t\t\t\t<div class=\"e-con-inner\">\n\t\t<div class=\"elementor-element elementor-element-03572a7 e-con-full e-flex e-con e-child\" data-id=\"03572a7\" data-element_type=\"container\" data-e-type=\"container\">\n\t\t\t\t<div class=\"elementor-element elementor-element-0ca92a1 elementor-widget elementor-widget-heading\" data-id=\"0ca92a1\" data-element_type=\"widget\" data-e-type=\"widget\" data-widget_type=\"heading.default\">\n\t\t\t\t<div class=\"elementor-widget-container\">\n\t\t\t\t\t<h2 class=\"elementor-heading-title elementor-size-default\">CA\u0301C \u0110I\u0323A \u0110I\u00ca\u0309M CHU\u1ea8N B\u1eca THU\u1ebe MI\u1ec4N PH\u00cd OC<\/h2>\t\t\t\t<\/div>\n\t\t\t\t<\/div>\n\t\t\t\t<\/div>\n\t\t\t\t\t<\/div>\n\t\t\t\t<\/div>\n\t\t<div class=\"elementor-element elementor-element-7a94cce elementor-hidden-desktop elementor-hidden-tablet elementor-hidden-mobile e-flex e-con-boxed e-con e-parent\" data-id=\"7a94cce\" data-element_type=\"container\" data-e-type=\"container\">\n\t\t\t\t\t<div class=\"e-con-inner\">\n\t\t<div class=\"elementor-element elementor-element-e70c352 e-con-full e-flex e-con e-child\" data-id=\"e70c352\" data-element_type=\"container\" data-e-type=\"container\">\n\t\t\t\t<div class=\"elementor-element elementor-element-26e59d7 elementor-widget elementor-widget-heading\" data-id=\"26e59d7\" data-element_type=\"widget\" data-e-type=\"widget\" data-widget_type=\"heading.default\">\n\t\t\t\t<div class=\"elementor-widget-container\">\n\t\t\t\t\t<h3 class=\"elementor-heading-title elementor-size-default\">\u0110\u1ea1\u0306t li\u0323ch he\u0323n \u0111\u00ea\u0309 \u0111u\u031b\u01a1\u0323c chuye\u0302n gia tr\u01a1\u0323 giu\u0301p MI\u00ca\u0303N PHI\u0301 ta\u0323i m\u1ecd\u0302t \u0111i\u0323a \u0111i\u00ea\u0309m VITA (Chu\u031bo\u031bng Tri\u0300nh Tr\u01a1\u0323 Giu\u0301p Thu\u00ea\u0301 Thu Nh\u1ea1\u0302p Ti\u0300nh Nguy\u1eb9\u0302n)<\/h3>\t\t\t\t<\/div>\n\t\t\t\t<\/div>\n\t\t\t\t<div class=\"elementor-element elementor-element-333a93e elementor-widget elementor-widget-text-editor\" data-id=\"333a93e\" data-element_type=\"widget\" data-e-type=\"widget\" data-widget_type=\"text-editor.default\">\n\t\t\t\t<div class=\"elementor-widget-container\">\n\t\t\t\t\t<style>.elementor-element-333a93e{display:none !important}<\/style>\t\t\t\t<\/div>\n\t\t\t\t<\/div>\n\t\t\t\t<div class=\"elementor-element elementor-element-9259fb0 elementor-widget elementor-widget-text-editor\" data-id=\"9259fb0\" data-element_type=\"widget\" data-e-type=\"widget\" data-widget_type=\"text-editor.default\">\n\t\t\t\t<div class=\"elementor-widget-container\">\n\t\t\t\t\t\t\t\t\t<p><span style=\"color: var( --e-global-color-text );\">\u00a0<\/span><span style=\"color: var( --e-global-color-text );\">Ch\u00fang t\u00f4i c\u00f3 h\u01a1n 25 \u0111\u1ecba \u0111i\u1ec3m Mi\u1ec5n ph\u00ed k\u00ea khai thu\u1ebf OC.\u00a0<\/span>C\u00e1c t\u00ecnh nguy\u1ec7n vi\u00ean thu\u1ebf \u0111\u01b0\u1ee3c IRS ch\u1ee9ng nh\u1eadn c\u1ee7a ch\u00fang t\u00f4i c\u00f3 th\u1ec3 gi\u00fap b\u1ea1n khai thu\u1ebf MI\u1ec4N PH\u00cd th\u00f4ng qua ch\u01b0\u01a1ng tr\u00ecnh H\u1ed7 tr\u1ee3 Thu\u1ebf Thu nh\u1eadp T\u00ecnh nguy\u1ec7n (VITA). Nh\u1eadp t\u00ean th\u00e0nh ph\u1ed1 ho\u1eb7c m\u00e3 zip v\u00e0o thanh t\u00ecm ki\u1ebfm b\u00ean d\u01b0\u1edbi \u0111\u1ec3 t\u00ecm \u0111\u1ecba \u0111i\u1ec3m OC Free Tax Prep g\u1ea7n b\u1ea1n.\u00a0\u00a0<\/p>\t\t\t\t\t\t\t\t<\/div>\n\t\t\t\t<\/div>\n\t\t\t\t<div class=\"elementor-element elementor-element-c3ddbcc elementor-widget elementor-widget-text-editor\" data-id=\"c3ddbcc\" data-element_type=\"widget\" data-e-type=\"widget\" data-no-translation=\"\" data-widget_type=\"text-editor.default\">\n\t\t\t\t<div class=\"elementor-widget-container\">\n\t\t\t\t\t<style>.elementor-element-c3ddbcc{display:none !important}<\/style>\t\t\t\t<\/div>\n\t\t\t\t<\/div>\n\t\t\t\t<div class=\"elementor-element elementor-element-f56bed4 elementor-widget elementor-widget-text-editor\" data-id=\"f56bed4\" data-element_type=\"widget\" data-e-type=\"widget\" data-no-translation=\"\" data-widget_type=\"text-editor.default\">\n\t\t\t\t<div class=\"elementor-widget-container\">\n\t\t\t\t\t<style>.elementor-element-f56bed4{display:none !important}<\/style>\t\t\t\t<\/div>\n\t\t\t\t<\/div>\n\t\t\t\t<div class=\"elementor-element elementor-element-a92c8b3 elementor-widget elementor-widget-text-editor\" data-id=\"a92c8b3\" data-element_type=\"widget\" data-e-type=\"widget\" data-no-translation=\"\" data-widget_type=\"text-editor.default\">\n\t\t\t\t<div class=\"elementor-widget-container\">\n\t\t\t\t\t\t\t\t\t<p><span style=\"font-weight: 400;\">Chu\u0301ng to\u0302i co\u0301 tre\u0302n 25 \u0111i\u0323a \u0111i\u00ea\u0309m Chu\u1ea9n B\u1ecb Thu\u1ebf Mi\u1ec5n Ph\u00ed OC. Ca\u0301c nha\u0302n vie\u0302n chu\u00e2\u0309n bi\u0323 thu\u00ea\u0301 ti\u0300nh nguy\u1eb9\u0302n \u0111u\u031b\u01a1\u0323c ch\u01b0\u0301ng nh\u1ea1\u0302n IRS cu\u0309a chu\u0301ng to\u0302i se\u0303 giu\u0301p ba\u0323n ke\u0302 khai thu\u00ea\u0301 MI\u00ca\u0303N PHI\u0301 tho\u0302ng qua chu\u031bo\u031bng tri\u0300nh VITA (Tr\u01a1\u0323 Giu\u0301p Thu\u00ea\u0301 Thu Nh\u1ea1\u0302p Ti\u0300nh Nguy\u1eb9\u0302n). Nh\u1ea1\u0302p ma\u0303 tha\u0300nh ph\u00f4\u0301 ho\u1ea1\u0306c zip va\u0300o thanh ti\u0300m ki\u00ea\u0301m be\u0302n du\u031b\u01a1\u0301i \u0111\u00ea\u0309 ti\u0300m \u0111i\u0323a \u0111i\u00ea\u0309m Chu\u1ea9n B\u1ecb Thu\u1ebf Mi\u1ec5n Ph\u00ed OC g\u00e2\u0300n ba\u0323n.<\/span><\/p>\t\t\t\t\t\t\t\t<\/div>\n\t\t\t\t<\/div>\n\t\t\t\t<div class=\"elementor-element elementor-element-e2c6057 elementor-widget elementor-widget-text-editor\" data-id=\"e2c6057\" data-element_type=\"widget\" data-e-type=\"widget\" data-widget_type=\"text-editor.default\">\n\t\t\t\t<div class=\"elementor-widget-container\">\n\t\t\t\t\t\t\t\t\t<p>C\u1ea7n \u0111\u1eb7t l\u1ecbch h\u1eb9n tr\u01b0\u1edbc cho c\u00e1c d\u1ecbch v\u1ee5 t\u1ea1i c\u00e1c \u0111\u1ecba \u0111i\u1ec3m H\u1ed7 tr\u1ee3 Thu\u1ebf Thu nh\u1eadp T\u00ecnh nguy\u1ec7n (VITA) c\u1ee7a ch\u00fang t\u00f4i.\u00a0<\/p><p>C\u00e1c \u0111\u1ecba \u0111i\u1ec3m c\u1ee7a ch\u00fang t\u00f4i \u0111\u00e3 m\u1edf c\u1eeda! G\u1ecdi \u0111\u01b0\u1eddng d\u00e2y n\u00f3ng c\u1ee7a ch\u00fang t\u00f4i theo s\u1ed1 <a href=\"tel:18884348248\">888-434-8248<\/a> \u0111\u1eb7t l\u1ecbch h\u1eb9n c\u1ee7a b\u1ea1n ngay b\u00e2y gi\u1edd.<\/p>\t\t\t\t\t\t\t\t<\/div>\n\t\t\t\t<\/div>\n\t\t\t\t<div class=\"elementor-element elementor-element-4a4f440 elementor-widget elementor-widget-text-editor\" data-id=\"4a4f440\" data-element_type=\"widget\" data-e-type=\"widget\" data-no-translation=\"\" data-widget_type=\"text-editor.default\">\n\t\t\t\t<div class=\"elementor-widget-container\">\n\t\t\t\t\t<style>.elementor-element-4a4f440{display:none !important}<\/style>\t\t\t\t<\/div>\n\t\t\t\t<\/div>\n\t\t\t\t<div class=\"elementor-element elementor-element-31da553 elementor-widget elementor-widget-text-editor\" data-id=\"31da553\" data-element_type=\"widget\" data-e-type=\"widget\" data-no-translation=\"\" data-widget_type=\"text-editor.default\">\n\t\t\t\t<div class=\"elementor-widget-container\">\n\t\t\t\t\t<style>.elementor-element-31da553{display:none !important}<\/style>\t\t\t\t<\/div>\n\t\t\t\t<\/div>\n\t\t\t\t<div class=\"elementor-element elementor-element-79b8b40 elementor-widget elementor-widget-text-editor\" data-id=\"79b8b40\" data-element_type=\"widget\" data-e-type=\"widget\" data-no-translation=\"\" data-widget_type=\"text-editor.default\">\n\t\t\t\t<div class=\"elementor-widget-container\">\n\t\t\t\t\t\t\t\t\t<p><span style=\"font-weight: 400;\">Ye\u0302u c\u00e2\u0300u \u0111\u1ea1\u0306t li\u0323ch he\u0323n \u0111\u00ea\u0309 \u0111u\u031b\u01a1\u0323c phu\u0323c vu\u0323 ta\u0323i ca\u0301c \u0111i\u0323a \u0111i\u00ea\u0309m VITA (Tr\u01a1\u0323 Giu\u0301p Thu\u00ea\u0301 Thu Nh\u1ea1\u0302p Ti\u0300nh Nguy\u1eb9\u0302n) cu\u0309a chu\u0301ng to\u0302i. Ca\u0301c \u0111i\u0323a \u0111i\u00ea\u0309m cu\u0309a chu\u0301ng to\u0302i \u0111ang m\u01a1\u0309 c\u01b0\u0309a! Ha\u0303y go\u0323i \u0111\u00ea\u0301n \u0111u\u031b\u01a1\u0300ng da\u0302y no\u0301ng cu\u0309a chu\u0301ng to\u0302i theo s\u00f4\u0301 888-434-8248 \u0111\u00ea\u0309 \u0111\u1ea1\u0306t li\u0323ch he\u0323n ngay.<\/span><\/p>\t\t\t\t\t\t\t\t<\/div>\n\t\t\t\t<\/div>\n\t\t<div class=\"elementor-element elementor-element-16d812e e-flex e-con-boxed e-con e-child\" data-id=\"16d812e\" data-element_type=\"container\" data-e-type=\"container\">\n\t\t\t\t\t<div class=\"e-con-inner\">\n\t\t\t\t<div class=\"elementor-element elementor-element-31143d9 elementor-widget__width-initial elementor-widget-mobile__width-inherit elementor-widget elementor-widget-image\" data-id=\"31143d9\" data-element_type=\"widget\" data-e-type=\"widget\" data-widget_type=\"image.default\">\n\t\t\t\t<div class=\"elementor-widget-container\">\n\t\t\t\t\t\t\t\t\t\t\t\t\t\t\t\t<a href=\"https:\/\/www.unitedwayoc.org\/how-we-are-doing-more\/united-for-financial-security\/\" target=\"_blank\" rel=\"noopener\">\n\t\t\t\t\t\t\t<img decoding=\"async\" width=\"225\" height=\"132\" src=\"https:\/\/ocfreetaxprep.com\/wp-content\/uploads\/2020\/05\/OCUW-Logos_White-e1594161887255.png\" class=\"attachment-full size-full wp-image-17033\" alt=\"-\" title=\"-\">\t\t\t\t\t\t\t\t<\/a>\n\t\t\t\t\t\t\t\t\t\t\t\t\t\t\t<\/div>\n\t\t\t\t<\/div>\n\t\t\t\t<div class=\"elementor-element elementor-element-73b4e78 elementor-widget__width-initial elementor-widget-mobile__width-inherit elementor-widget elementor-widget-text-editor\" data-id=\"73b4e78\" data-element_type=\"widget\" data-e-type=\"widget\" data-no-translation=\"\" data-widget_type=\"text-editor.default\">\n\t\t\t\t<div class=\"elementor-widget-container\">\n\t\t\t\t\t<style>.elementor-element-73b4e78{display:none !important}<\/style>\t\t\t\t<\/div>\n\t\t\t\t<\/div>\n\t\t\t\t<div class=\"elementor-element elementor-element-8469c39 elementor-widget__width-initial elementor-widget-mobile__width-inherit elementor-widget elementor-widget-text-editor\" data-id=\"8469c39\" data-element_type=\"widget\" data-e-type=\"widget\" data-no-translation=\"\" data-widget_type=\"text-editor.default\">\n\t\t\t\t<div class=\"elementor-widget-container\">\n\t\t\t\t\t<style>.elementor-element-8469c39{display:none !important}<\/style>\t\t\t\t<\/div>\n\t\t\t\t<\/div>\n\t\t\t\t<div class=\"elementor-element elementor-element-69526db elementor-widget__width-initial elementor-widget-mobile__width-inherit elementor-widget elementor-widget-text-editor\" data-id=\"69526db\" data-element_type=\"widget\" data-e-type=\"widget\" data-no-translation=\"\" data-widget_type=\"text-editor.default\">\n\t\t\t\t<div class=\"elementor-widget-container\">\n\t\t\t\t\t\t\t\t\t<p><span style=\"font-weight: 400;\">OC Free Tax Prep la\u0300 m\u1ecd\u0302t ph\u00e2\u0300n trong sa\u0301ng ki\u00ea\u0301n <a href=\"https:\/\/www.unitedwayoc.org\/how-we-are-doing-more\/united-for-financial-security\/\" target=\"_blank\" rel=\"noopener\">United for Financial Security cu\u0309a Orange County United Way<\/a><\/span><\/p>\t\t\t\t\t\t\t\t<\/div>\n\t\t\t\t<\/div>\n\t\t\t\t<div class=\"elementor-element elementor-element-3f76eef elementor-widget__width-initial elementor-widget-mobile__width-inherit elementor-widget elementor-widget-text-editor\" data-id=\"3f76eef\" data-element_type=\"widget\" data-e-type=\"widget\" data-no-translation=\"\" data-widget_type=\"text-editor.default\">\n\t\t\t\t<div class=\"elementor-widget-container\">\n\t\t\t\t\t<style>.elementor-element-3f76eef{display:none !important}<\/style>\t\t\t\t<\/div>\n\t\t\t\t<\/div>\n\t\t\t\t\t<\/div>\n\t\t\t\t<\/div>\n\t\t\t\t<\/div>\n\t\t\t\t\t<\/div>\n\t\t\t\t<\/div>\n\t\t<div class=\"elementor-element elementor-element-9797e1d elementor-hidden-desktop elementor-hidden-tablet elementor-hidden-mobile e-flex e-con-boxed e-con e-parent\" data-id=\"9797e1d\" data-element_type=\"container\" data-e-type=\"container\" data-settings=\"{&quot;background_background&quot;:&quot;classic&quot;}\">\n\t\t\t\t\t<div class=\"e-con-inner\">\n\t\t<div class=\"elementor-element elementor-element-cf44be7 e-con-full e-flex e-con e-child\" data-id=\"cf44be7\" data-element_type=\"container\" data-e-type=\"container\">\n\t\t\t\t<div class=\"elementor-element elementor-element-a6609ff elementor-widget elementor-widget-text-editor\" data-id=\"a6609ff\" data-element_type=\"widget\" data-e-type=\"widget\" data-widget_type=\"text-editor.default\">\n\t\t\t\t<div class=\"elementor-widget-container\">\n\t\t\t\t\t\t\t\t\t<p>Ca\u0301c nha\u0302n vie\u0302n chu\u00e2\u0309n bi\u0323 thu\u00ea\u0301 ti\u0300nh nguy\u1eb9\u0302n \u0111u\u031b\u01a1\u0323c ch\u01b0\u0301ng nh\u1ea1\u0302n IRS cu\u0309a chu\u0301ng to\u0302i co\u0301 th\u00ea\u0309 la\u0300m vi\u1eb9\u0302c tr\u01b0\u0323c ti\u00ea\u0301p v\u01a1\u0301i ba\u0323n \u0111\u00ea\u0309 n\u1ecd\u0302p ca\u0301c t\u01a1\u0300 khai hoa\u0300n thu\u00ea\u0301 thu nh\u1ea1\u0302p lie\u0302n bang va\u0300 bang California cho ba\u0323n. Ca\u0301c di\u0323ch vu\u0323 \u0111u\u031b\u01a1\u0323c cung c\u00e2\u0301p b\u0103\u0300ng nhi\u00ea\u0300u ngo\u0302n ng\u01b0\u0303 trong \u0111o\u0301 co\u0301 ti\u00ea\u0301ng Anh, ti\u00ea\u0301ng Ta\u0302y Ban Nha, ti\u00ea\u0301ng Ha\u0300n va\u0300 ti\u00ea\u0301ng Vi\u1eb9\u0302t b\u01a1\u0309i nh\u01b0\u0303ng ti\u0300nh nguy\u1eb9\u0302n vie\u0302n \u0111u\u031b\u01a1\u0323c \u0111a\u0300o ta\u0323o va\u0300 c\u00f3 th\u00e1i \u0111\u1ed9 tha\u0302n thi\u1eb9\u0302n ta\u0323i nhi\u00ea\u0300u \u0111i\u0323a \u0111i\u00ea\u0309m kha\u0301c nhau.&nbsp;<\/p>\t\t\t\t\t\t\t\t<\/div>\n\t\t\t\t<\/div>\n\t\t\t\t<div class=\"elementor-element elementor-element-0c0ca2c elementor-align-center elementor-widget elementor-widget-button\" data-id=\"0c0ca2c\" data-element_type=\"widget\" data-e-type=\"widget\" data-no-translation=\"\" data-widget_type=\"button.default\">\n\t\t\t\t<div class=\"elementor-widget-container\">\n\t\t\t\t\t<style>.elementor-element-0c0ca2c{display:none !important}<\/style>\t\t\t\t<\/div>\n\t\t\t\t<\/div>\n\t\t\t\t<div class=\"elementor-element elementor-element-3c4ea72 elementor-align-center elementor-widget elementor-widget-button\" data-id=\"3c4ea72\" data-element_type=\"widget\" data-e-type=\"widget\" data-no-translation=\"\" data-widget_type=\"button.default\">\n\t\t\t\t<div class=\"elementor-widget-container\">\n\t\t\t\t\t<style>.elementor-element-3c4ea72{display:none !important}<\/style>\t\t\t\t<\/div>\n\t\t\t\t<\/div>\n\t\t\t\t<div class=\"elementor-element elementor-element-ce9343f elementor-align-center elementor-widget elementor-widget-button\" data-id=\"ce9343f\" data-element_type=\"widget\" data-e-type=\"widget\" data-no-translation=\"\" data-widget_type=\"button.default\">\n\t\t\t\t<div class=\"elementor-widget-container\">\n\t\t\t\t\t<style>.elementor-element-ce9343f{display:none !important}<\/style>\t\t\t\t<\/div>\n\t\t\t\t<\/div>\n\t\t\t\t<div class=\"elementor-element elementor-element-171007c elementor-align-center elementor-widget elementor-widget-button\" data-id=\"171007c\" data-element_type=\"widget\" data-e-type=\"widget\" data-no-translation=\"\" data-widget_type=\"button.default\">\n\t\t\t\t<div class=\"elementor-widget-container\">\n\t\t\t\t\t<style>.elementor-element-171007c{display:none !important}<\/style>\t\t\t\t<\/div>\n\t\t\t\t<\/div>\n\t\t\t\t<\/div>\n\t\t\t\t\t<\/div>\n\t\t\t\t<\/div>\n\t\t\t\t<\/div>","protected":false},"excerpt":{"rendered":"<p>OC Free tax prep locations Schedule an Appointment to Get FREE Expert Help at a Volunteer Income Tax Assistance Program (VITA) Location Nuestros voluntarios preparadores de impuestos certificados por el IRS pueden ayudarlo a presentar sus declaraciones de impuestos federales y estatales de California. \u00a0We have over 25 OC Free Tax Prep locations.\u00a0Our IRS-Certified volunteer [&hellip;]<\/p>\n","protected":false},"author":30,"featured_media":0,"parent":0,"menu_order":0,"comment_status":"closed","ping_status":"closed","template":"","meta":{"inline_featured_image":false,"footnotes":"","_links_to":"","_links_to_target":""},"class_list":["post-17437","page","type-page","status-publish","hentry"],"_links":{"self":[{"href":"https:\/\/ocfreetaxprep.com\/vi\/wp-json\/wp\/v2\/pages\/17437","targetHints":{"allow":["GET"]}}],"collection":[{"href":"https:\/\/ocfreetaxprep.com\/vi\/wp-json\/wp\/v2\/pages"}],"about":[{"href":"https:\/\/ocfreetaxprep.com\/vi\/wp-json\/wp\/v2\/types\/page"}],"author":[{"embeddable":true,"href":"https:\/\/ocfreetaxprep.com\/vi\/wp-json\/wp\/v2\/users\/30"}],"replies":[{"embeddable":true,"href":"https:\/\/ocfreetaxprep.com\/vi\/wp-json\/wp\/v2\/comments?post=17437"}],"version-history":[{"count":0,"href":"https:\/\/ocfreetaxprep.com\/vi\/wp-json\/wp\/v2\/pages\/17437\/revisions"}],"wp:attachment":[{"href":"https:\/\/ocfreetaxprep.com\/vi\/wp-json\/wp\/v2\/media?parent=17437"}],"curies":[{"name":"wp","href":"https:\/\/api.w.org\/{rel}","templated":true}]}}